{"id":430,"date":"2015-12-18T14:06:57","date_gmt":"2015-12-18T13:06:57","guid":{"rendered":"http:\/\/antiguosalumnosmaravillas.com\/asociacion\/?page_id=430"},"modified":"2018-11-06T20:47:03","modified_gmt":"2018-11-06T19:47:03","slug":"maravillosos-por-el-mundo","status":"publish","type":"page","link":"https:\/\/antiguosalumnosmaravillas.com\/asociacion\/maravillosos-por-el-mundo\/","title":{"rendered":"Maravillosos por el mundo"},"content":{"rendered":"<p>[et_pb_section admin_label=\u00bbSecci\u00f3n\u00bb fullwidth=\u00bbon\u00bb specialty=\u00bboff\u00bb transparent_background=\u00bboff\u00bb background_color=\u00bb#006699&#8243; allow_player_pause=\u00bboff\u00bb inner_shadow=\u00bboff\u00bb parallax=\u00bboff\u00bb parallax_method=\u00bboff\u00bb padding_mobile=\u00bboff\u00bb make_fullwidth=\u00bboff\u00bb use_custom_width=\u00bboff\u00bb width_unit=\u00bbon\u00bb make_equal=\u00bboff\u00bb use_custom_gutter=\u00bboff\u00bb gutter_width=\u00bb3&#8243;][et_pb_fullwidth_header admin_label=\u00bbT\u00edtulo de anchura completa\u00bb title=\u00bbMARAVILLOSOS POR EL MUNDO\u00bb background_layout=\u00bbdark\u00bb text_orientation=\u00bbcenter\u00bb header_fullscreen=\u00bboff\u00bb header_scroll_down=\u00bboff\u00bb parallax=\u00bboff\u00bb parallax_method=\u00bboff\u00bb content_orientation=\u00bbcenter\u00bb image_orientation=\u00bbcenter\u00bb custom_button_one=\u00bboff\u00bb button_one_text_size=\u00bb20&#8243; button_one_border_width=\u00bb2&#8243; button_one_border_radius=\u00bb3&#8243; button_one_letter_spacing=\u00bb0&#8243; button_one_use_icon=\u00bbdefault\u00bb button_one_icon_placement=\u00bbright\u00bb button_one_on_hover=\u00bbon\u00bb button_one_border_radius_hover=\u00bb3&#8243; button_one_letter_spacing_hover=\u00bb0&#8243; custom_button_two=\u00bboff\u00bb button_two_text_size=\u00bb20&#8243; button_two_border_width=\u00bb2&#8243; button_two_border_radius=\u00bb3&#8243; button_two_letter_spacing=\u00bb0&#8243; button_two_use_icon=\u00bbdefault\u00bb button_two_icon_placement=\u00bbright\u00bb button_two_on_hover=\u00bbon\u00bb button_two_border_radius_hover=\u00bb3&#8243; button_two_letter_spacing_hover=\u00bb0&#8243;] [\/et_pb_fullwidth_header][\/et_pb_section][et_pb_section admin_label=\u00bbsection\u00bb][et_pb_row admin_label=\u00bbFila\u00bb][et_pb_column type=\u00bb1_4&#8243;][et_pb_blurb admin_label=\u00bbAnuncio\u00bb title=\u00bbFrancisco Garrote 90-91 Qatar\u00bb url=\u00bbhttp:\/\/antiguosalumnosmaravillas.com\/asociacion\/images\/MXM\/MXM_Francisco_Garrote.pdf\u00bb url_new_window=\u00bbon\u00bb use_icon=\u00bbon\u00bb font_icon=\u00bb%%258%%\u00bb icon_color=\u00bb#006699&#8243; use_circle=\u00bboff\u00bb circle_color=\u00bb#006699&#8243; use_circle_border=\u00bboff\u00bb circle_border_color=\u00bb#006699&#8243; icon_placement=\u00bbtop\u00bb animation=\u00bbtop\u00bb background_layout=\u00bblight\u00bb text_orientation=\u00bbcenter\u00bb use_icon_font_size=\u00bboff\u00bb header_font_size=\u00bb18&#8243; body_font_size=\u00bb14&#8243; use_border_color=\u00bboff\u00bb border_color=\u00bb#ffffff\u00bb border_style=\u00bbsolid\u00bb] [\/et_pb_blurb][\/et_pb_column][et_pb_column type=\u00bb1_4&#8243;][et_pb_blurb admin_label=\u00bbAnuncio\u00bb title=\u00bbEduardo Arribas 88-89 Panama\u00bb url=\u00bbhttp:\/\/antiguosalumnosmaravillas.com\/asociacion\/images\/MXM\/MXM_Eduardo_Arribas.pdf\u00bb url_new_window=\u00bbon\u00bb use_icon=\u00bbon\u00bb font_icon=\u00bb%%258%%\u00bb icon_color=\u00bb#006699&#8243; use_circle=\u00bboff\u00bb circle_color=\u00bb#006699&#8243; use_circle_border=\u00bboff\u00bb circle_border_color=\u00bb#006699&#8243; icon_placement=\u00bbtop\u00bb animation=\u00bbtop\u00bb background_layout=\u00bblight\u00bb text_orientation=\u00bbcenter\u00bb use_icon_font_size=\u00bboff\u00bb header_font_size=\u00bb18&#8243; body_font_size=\u00bb14&#8243; use_border_color=\u00bboff\u00bb border_color=\u00bb#ffffff\u00bb border_style=\u00bbsolid\u00bb] [\/et_pb_blurb][\/et_pb_column][et_pb_column type=\u00bb1_4&#8243;][et_pb_blurb admin_label=\u00bbAnuncio\u00bb title=\u00bbAngel Alferez 04-05 Michigan USA\u00bb url=\u00bbhttp:\/\/antiguosalumnosmaravillas.com\/asociacion\/images\/MXM\/MXM_Angel_Alferez.pdf\u00bb url_new_window=\u00bbon\u00bb use_icon=\u00bbon\u00bb font_icon=\u00bb%%258%%\u00bb icon_color=\u00bb#006699&#8243; use_circle=\u00bboff\u00bb circle_color=\u00bb#006699&#8243; use_circle_border=\u00bboff\u00bb circle_border_color=\u00bb#006699&#8243; icon_placement=\u00bbtop\u00bb animation=\u00bbtop\u00bb background_layout=\u00bblight\u00bb text_orientation=\u00bbcenter\u00bb use_icon_font_size=\u00bboff\u00bb header_font_size=\u00bb18&#8243; body_font_size=\u00bb14&#8243; use_border_color=\u00bboff\u00bb border_color=\u00bb#ffffff\u00bb border_style=\u00bbsolid\u00bb] [\/et_pb_blurb][\/et_pb_column][et_pb_column type=\u00bb1_4&#8243;][et_pb_blurb admin_label=\u00bbAnuncio\u00bb title=\u00bbBel\u00e9n Morata Ruiz 96-97 North Carolina USA\u00bb url=\u00bbhttp:\/\/antiguosalumnosmaravillas.com\/asociacion\/images\/MXM\/MXM_Belen_Morata.pdf\u00bb url_new_window=\u00bbon\u00bb use_icon=\u00bbon\u00bb font_icon=\u00bb%%258%%\u00bb icon_color=\u00bb#006699&#8243; use_circle=\u00bboff\u00bb circle_color=\u00bb#006699&#8243; use_circle_border=\u00bboff\u00bb circle_border_color=\u00bb#006699&#8243; icon_placement=\u00bbtop\u00bb animation=\u00bbtop\u00bb background_layout=\u00bblight\u00bb text_orientation=\u00bbcenter\u00bb use_icon_font_size=\u00bboff\u00bb header_font_size=\u00bb18&#8243; body_font_size=\u00bb14&#8243; use_border_color=\u00bboff\u00bb border_color=\u00bb#ffffff\u00bb border_style=\u00bbsolid\u00bb] [\/et_pb_blurb][\/et_pb_column][\/et_pb_row][et_pb_row admin_label=\u00bbFila\u00bb][et_pb_column type=\u00bb1_4&#8243;][et_pb_blurb admin_label=\u00bbAnuncio\u00bb title=\u00bbJuan Bonet 82-83 Mexico\u00bb url=\u00bbhttp:\/\/antiguosalumnosmaravillas.com\/asociacion\/images\/MXM\/MXM_Juan_Bonet.pdf\u00bb url_new_window=\u00bbon\u00bb use_icon=\u00bbon\u00bb font_icon=\u00bb%%258%%\u00bb icon_color=\u00bb#006699&#8243; use_circle=\u00bboff\u00bb circle_color=\u00bb#006699&#8243; use_circle_border=\u00bboff\u00bb circle_border_color=\u00bb#006699&#8243; icon_placement=\u00bbtop\u00bb animation=\u00bbtop\u00bb background_layout=\u00bblight\u00bb text_orientation=\u00bbcenter\u00bb use_icon_font_size=\u00bboff\u00bb header_font_size=\u00bb18&#8243; body_font_size=\u00bb14&#8243; use_border_color=\u00bboff\u00bb border_color=\u00bb#ffffff\u00bb border_style=\u00bbsolid\u00bb] [\/et_pb_blurb][\/et_pb_column][et_pb_column type=\u00bb1_4&#8243;][et_pb_blurb admin_label=\u00bbAnuncio\u00bb title=\u00bbPatricia Carmona 00-01 Santiago de Chile\u00bb url=\u00bbhttp:\/\/antiguosalumnosmaravillas.com\/asociacion\/images\/MXM\/MXM_Patricia_Carmona.pdf\u00bb url_new_window=\u00bbon\u00bb use_icon=\u00bbon\u00bb font_icon=\u00bb%%258%%\u00bb icon_color=\u00bb#006699&#8243; use_circle=\u00bboff\u00bb circle_color=\u00bb#006699&#8243; use_circle_border=\u00bboff\u00bb circle_border_color=\u00bb#006699&#8243; icon_placement=\u00bbtop\u00bb animation=\u00bbtop\u00bb background_layout=\u00bblight\u00bb text_orientation=\u00bbcenter\u00bb use_icon_font_size=\u00bboff\u00bb header_font_size=\u00bb18&#8243; body_font_size=\u00bb14&#8243; use_border_color=\u00bboff\u00bb border_color=\u00bb#ffffff\u00bb border_style=\u00bbsolid\u00bb] [\/et_pb_blurb][\/et_pb_column][et_pb_column type=\u00bb1_4&#8243;][et_pb_blurb admin_label=\u00bbAnuncio\u00bb title=\u00bbFelix Contreras 88-89 Rabat\u00bb url=\u00bbhttp:\/\/antiguosalumnosmaravillas.com\/asociacion\/images\/MXM\/MXM_Felix_Contreras.pdf\u00bb url_new_window=\u00bbon\u00bb use_icon=\u00bbon\u00bb font_icon=\u00bb%%258%%\u00bb icon_color=\u00bb#006699&#8243; use_circle=\u00bboff\u00bb circle_color=\u00bb#006699&#8243; use_circle_border=\u00bboff\u00bb circle_border_color=\u00bb#006699&#8243; icon_placement=\u00bbtop\u00bb animation=\u00bbtop\u00bb background_layout=\u00bblight\u00bb text_orientation=\u00bbcenter\u00bb use_icon_font_size=\u00bboff\u00bb header_font_size=\u00bb18&#8243; body_font_size=\u00bb14&#8243; use_border_color=\u00bboff\u00bb border_color=\u00bb#ffffff\u00bb border_style=\u00bbsolid\u00bb] [\/et_pb_blurb][\/et_pb_column][et_pb_column type=\u00bb1_4&#8243;][et_pb_blurb admin_label=\u00bbAnuncio\u00bb title=\u00bbAna Apeztegu\u00eda 00-01 Ourense\u00bb url=\u00bbhttp:\/\/antiguosalumnosmaravillas.com\/asociacion\/images\/MXM\/MXM_Ana_Apezteguia.pdf\u00bb url_new_window=\u00bbon\u00bb use_icon=\u00bbon\u00bb font_icon=\u00bb%%258%%\u00bb icon_color=\u00bb#006699&#8243; use_circle=\u00bboff\u00bb circle_color=\u00bb#006699&#8243; use_circle_border=\u00bboff\u00bb circle_border_color=\u00bb#006699&#8243; icon_placement=\u00bbtop\u00bb animation=\u00bbtop\u00bb background_layout=\u00bblight\u00bb text_orientation=\u00bbcenter\u00bb use_icon_font_size=\u00bboff\u00bb header_font_size=\u00bb18&#8243; body_font_size=\u00bb14&#8243; use_border_color=\u00bboff\u00bb border_color=\u00bb#ffffff\u00bb border_style=\u00bbsolid\u00bb] [\/et_pb_blurb][\/et_pb_column][\/et_pb_row][et_pb_row admin_label=\u00bbFila\u00bb][et_pb_column type=\u00bb1_4&#8243;][et_pb_blurb admin_label=\u00bbAnuncio\u00bb title=\u00bbAna Moyano 88-89 Santo Domingo\u00bb url=\u00bbhttp:\/\/antiguosalumnosmaravillas.com\/asociacion\/images\/MXM\/MXM_Ana_Moyano.pdf\u00bb url_new_window=\u00bbon\u00bb use_icon=\u00bbon\u00bb font_icon=\u00bb%%258%%\u00bb icon_color=\u00bb#006699&#8243; use_circle=\u00bboff\u00bb circle_color=\u00bb#006699&#8243; use_circle_border=\u00bboff\u00bb circle_border_color=\u00bb#006699&#8243; icon_placement=\u00bbtop\u00bb animation=\u00bbtop\u00bb background_layout=\u00bblight\u00bb text_orientation=\u00bbcenter\u00bb use_icon_font_size=\u00bboff\u00bb header_font_size=\u00bb18&#8243; body_font_size=\u00bb14&#8243; use_border_color=\u00bboff\u00bb border_color=\u00bb#ffffff\u00bb border_style=\u00bbsolid\u00bb] [\/et_pb_blurb][\/et_pb_column][et_pb_column type=\u00bb1_4&#8243;][et_pb_blurb admin_label=\u00bbAnuncio\u00bb title=\u00bbPatricia Carmona 00-01 Santiago de Chile\u00bb url=\u00bbhttp:\/\/antiguosalumnosmaravillas.com\/asociacion\/images\/MXM\/MXM_Patricia_Carmona.pdf\u00bb url_new_window=\u00bbon\u00bb use_icon=\u00bbon\u00bb font_icon=\u00bb%%258%%\u00bb icon_color=\u00bb#006699&#8243; use_circle=\u00bboff\u00bb circle_color=\u00bb#006699&#8243; use_circle_border=\u00bboff\u00bb circle_border_color=\u00bb#006699&#8243; icon_placement=\u00bbtop\u00bb animation=\u00bbtop\u00bb background_layout=\u00bblight\u00bb text_orientation=\u00bbcenter\u00bb use_icon_font_size=\u00bboff\u00bb header_font_size=\u00bb18&#8243; body_font_size=\u00bb14&#8243; use_border_color=\u00bboff\u00bb border_color=\u00bb#ffffff\u00bb border_style=\u00bbsolid\u00bb] [\/et_pb_blurb][\/et_pb_column][et_pb_column type=\u00bb1_4&#8243;][et_pb_blurb admin_label=\u00bbAnuncio\u00bb title=\u00bbFelix Contreras 88-89 Rabat\u00bb url=\u00bbhttp:\/\/antiguosalumnosmaravillas.com\/asociacion\/images\/MXM\/MXM_Felix_Contreras.pdf\u00bb url_new_window=\u00bbon\u00bb use_icon=\u00bbon\u00bb font_icon=\u00bb%%258%%\u00bb icon_color=\u00bb#006699&#8243; use_circle=\u00bboff\u00bb circle_color=\u00bb#006699&#8243; use_circle_border=\u00bboff\u00bb circle_border_color=\u00bb#006699&#8243; icon_placement=\u00bbtop\u00bb animation=\u00bbtop\u00bb background_layout=\u00bblight\u00bb text_orientation=\u00bbcenter\u00bb use_icon_font_size=\u00bboff\u00bb header_font_size=\u00bb18&#8243; body_font_size=\u00bb14&#8243; use_border_color=\u00bboff\u00bb border_color=\u00bb#ffffff\u00bb border_style=\u00bbsolid\u00bb] [\/et_pb_blurb][\/et_pb_column][et_pb_column type=\u00bb1_4&#8243;][\/et_pb_column][\/et_pb_row][et_pb_row admin_label=\u00bbrow\u00bb][et_pb_column type=\u00bb4_4&#8243;][et_pb_text admin_label=\u00bbTexto\u00bb background_layout=\u00bblight\u00bb text_orientation=\u00bbleft\u00bb text_font_size=\u00bb14&#8243; use_border_color=\u00bboff\u00bb border_color=\u00bb#ffffff\u00bb border_style=\u00bbsolid\u00bb]<\/p>\n<p style=\"text-align: justify;\">Hemos creado este apartado en nuestra web para poder crear una red de contactos y que todos los antiguos alumnos que est\u00e9is repartidos por el mundo, pod\u00e1is compartir con todos nosotros vuestras experiencias.<\/p>\n<p>Pod\u00e9is contarnos d\u00f3nde est\u00e1is, qu\u00e9 hac\u00e9is, c\u00f3mo localizaros, recomendarnos lugares que conocer, restaurantes, sitios t\u00edpicos que no podamos dejar de visitar, c\u00f3mo os sentisteis cuando os tuvisteis que ir a vivir fuera de Madrid \u2026.<\/p>\n<p>Env\u00eda <a href=\"http:\/\/antiguosalumnosmaravillas.com\/asociacion\/images\/MXM\/MXM_FORMULARIO.doc\" target=\"_blank\">ESTE DOCUMENTO<\/a> con tus datos a antiguosalumnos@lasallemaravillas.com<\/p>\n<p>De esta manera, adem\u00e1s de comentar vuestras impresiones de los distintos lugares que est\u00e1is conociendo y c\u00f3mo os adaptasteis a las nuevas culturas, el resto de antiguos alumnos que vaya a visitar o a mudarse a ese lugar (bien sea por trabajo o placer), podr\u00e1 contar con vuestros consejos y recomendaciones.<\/p>\n<p>Ojal\u00e1 este apartado de la web sirva para que muchos antiguos alumnos del colegio que se tengan que mudar a otros pa\u00edses puedan sentirse arropados por los antiguos alumnos que ya pasaron por lo mismo.<\/p>\n<p>Reg\u00edstrate como usuario de la web y d\u00e9janos tus comentarios.<\/p>\n<p>Recuerda que para registrarte s\u00f3lo tienes que enviar un correo electr\u00f3nico a antiguosalumnos@lasallemaravillas.com con tu nombre y correo electr\u00f3nico y te daremos de alta sobre la marcha.<\/p>\n<p>\u00a1Muchas gracias por tu colaboraci\u00f3n para hacer este espacio posible!<\/p>\n<p>[\/et_pb_text][\/et_pb_column][\/et_pb_row][\/et_pb_section]<\/p>\n","protected":false},"excerpt":{"rendered":"<p>Hemos creado este apartado en nuestra web para poder crear una red de contactos y que todos los antiguos alumnos que est\u00e9is repartidos por el mundo, pod\u00e1is compartir con todos nosotros vuestras experiencias. Pod\u00e9is contarnos d\u00f3nde est\u00e1is, qu\u00e9 hac\u00e9is, c\u00f3mo localizaros, recomendarnos lugares que conocer, restaurantes, sitios t\u00edpicos que no podamos dejar de visitar, c\u00f3mo [&hellip;]<\/p>\n","protected":false},"author":2,"featured_media":0,"parent":0,"menu_order":0,"comment_status":"closed","ping_status":"closed","template":"","meta":{"_et_pb_use_builder":"on","_et_pb_old_content":"","_et_gb_content_width":"","footnotes":""},"class_list":["post-430","page","type-page","status-publish","hentry"],"_links":{"self":[{"href":"https:\/\/antiguosalumnosmaravillas.com\/asociacion\/wp-json\/wp\/v2\/pages\/430","targetHints":{"allow":["GET"]}}],"collection":[{"href":"https:\/\/antiguosalumnosmaravillas.com\/asociacion\/wp-json\/wp\/v2\/pages"}],"about":[{"href":"https:\/\/antiguosalumnosmaravillas.com\/asociacion\/wp-json\/wp\/v2\/types\/page"}],"author":[{"embeddable":true,"href":"https:\/\/antiguosalumnosmaravillas.com\/asociacion\/wp-json\/wp\/v2\/users\/2"}],"replies":[{"embeddable":true,"href":"https:\/\/antiguosalumnosmaravillas.com\/asociacion\/wp-json\/wp\/v2\/comments?post=430"}],"version-history":[{"count":4,"href":"https:\/\/antiguosalumnosmaravillas.com\/asociacion\/wp-json\/wp\/v2\/pages\/430\/revisions"}],"predecessor-version":[{"id":1911,"href":"https:\/\/antiguosalumnosmaravillas.com\/asociacion\/wp-json\/wp\/v2\/pages\/430\/revisions\/1911"}],"wp:attachment":[{"href":"https:\/\/antiguosalumnosmaravillas.com\/asociacion\/wp-json\/wp\/v2\/media?parent=430"}],"curies":[{"name":"wp","href":"https:\/\/api.w.org\/{rel}","templated":true}]}}