{"id":4030,"date":"2023-05-22T12:31:19","date_gmt":"2023-05-22T10:31:19","guid":{"rendered":"https:\/\/antiguosalumnosmaravillas.com\/asociacion\/?page_id=4030"},"modified":"2023-05-23T10:09:25","modified_gmt":"2023-05-23T08:09:25","slug":"seminario-salud-financiera","status":"publish","type":"page","link":"https:\/\/antiguosalumnosmaravillas.com\/asociacion\/seminario-salud-financiera\/","title":{"rendered":"SEMINARIO SALUD FINANCIERA"},"content":{"rendered":"<p>[et_pb_section fb_built=\u00bb1&#8243; _builder_version=\u00bb4.21.0&#8243; _module_preset=\u00bbdefault\u00bb global_colors_info=\u00bb{}\u00bb][et_pb_row column_structure=\u00bb3_5,2_5&#8243; _builder_version=\u00bb4.21.0&#8243; _module_preset=\u00bbdefault\u00bb global_colors_info=\u00bb{}\u00bb][et_pb_column type=\u00bb3_5&#8243; _builder_version=\u00bb4.21.0&#8243; _module_preset=\u00bbdefault\u00bb global_colors_info=\u00bb{}\u00bb][et_pb_text _builder_version=\u00bb4.21.0&#8243; _module_preset=\u00bbdefault\u00bb global_colors_info=\u00bb{}\u00bb]<\/p>\n<h1><strong>SEMINARIO SALUD FINANCIERA<\/strong><\/h1>\n<p>[\/et_pb_text][et_pb_blurb title=\u00bb7 de junio\u00bb use_icon=\u00bbon\u00bb font_icon=\u00bb&#xe023;||divi||400&#8243; icon_placement=\u00bbleft\u00bb _builder_version=\u00bb4.21.0&#8243; _module_preset=\u00bbdefault\u00bb global_colors_info=\u00bb{}\u00bb][\/et_pb_blurb][et_pb_blurb title=\u00bb19:00&#8243; use_icon=\u00bbon\u00bb font_icon=\u00bb&#x7d;||divi||400&#8243; icon_placement=\u00bbleft\u00bb _builder_version=\u00bb4.21.0&#8243; _module_preset=\u00bbdefault\u00bb global_colors_info=\u00bb{}\u00bb]<\/p>\n<p><em><strong>La duraci\u00f3n del Seminario ser\u00e1 de 1h 30 minutos<\/strong><\/em><\/p>\n<p>[\/et_pb_blurb][et_pb_blurb title=\u00bbColegio La Salle Maravillas\u00bb use_icon=\u00bbon\u00bb font_icon=\u00bb&#xe009;||divi||400&#8243; icon_placement=\u00bbleft\u00bb _builder_version=\u00bb4.21.0&#8243; _module_preset=\u00bbdefault\u00bb global_colors_info=\u00bb{}\u00bb][\/et_pb_blurb][et_pb_text _builder_version=\u00bb4.21.0&#8243; _module_preset=\u00bbdefault\u00bb global_colors_info=\u00bb{}\u00bb]<\/p>\n<p><strong>TEMARIO<\/strong><\/p>\n<p><strong>&#8211; Introducci\u00f3n a la salud financiera. Tu Econom\u00eda y t\u00fa.<br \/>&#8211; Ahorra. Aunque creas que no puedes; puedes.<br \/>&#8211; Saca rentabilidad a tu dinero, que tu dinero gane por ti.<br \/>&#8211; Un patrimonio sin riesgos.<br \/>&#8211; \u00bfEst\u00e1s contento con tu hipoteca?<\/strong><\/p>\n<p>&nbsp;<\/p>\n<p>[\/et_pb_text][et_pb_text _builder_version=\u00bb4.21.0&#8243; _module_preset=\u00bbdefault\u00bb hover_enabled=\u00bb0&#8243; global_colors_info=\u00bb{}\u00bb sticky_enabled=\u00bb0&#8243;]<\/p>\n<p><strong>Imprescindible inscribirse para la organizaci\u00f3n del espacio.<\/strong><\/p>\n\n<p>[\/et_pb_text][et_pb_image src=\u00bbhttps:\/\/antiguosalumnosmaravillas.com\/asociacion\/wp-content\/uploads\/2023\/05\/salud-financiera.png\u00bb title_text=\u00bbsalud financiera\u00bb _builder_version=\u00bb4.21.0&#8243; _module_preset=\u00bbdefault\u00bb global_colors_info=\u00bb{}\u00bb][\/et_pb_image][\/et_pb_column][et_pb_column type=\u00bb2_5&#8243; _builder_version=\u00bb4.21.0&#8243; _module_preset=\u00bbdefault\u00bb global_colors_info=\u00bb{}\u00bb][et_pb_team_member name=\u00bbJavier Campo Mart\u00edn\u00bb position=\u00bbPromoci\u00f3n 1998-1999&#8243; image_url=\u00bbhttps:\/\/antiguosalumnosmaravillas.com\/asociacion\/wp-content\/uploads\/2023\/05\/JAVIER-CAMPO.jpg\u00bb _builder_version=\u00bb4.21.0&#8243; _module_preset=\u00bbdefault\u00bb global_colors_info=\u00bb{}\u00bb]<\/p>\n<p>Tengo 42 a\u00f1os, estoy casado, y un hijo que acaba de cumplir cuatro a\u00f1os.<\/p>\n<p>Estuve en el Cole toda mi infancia, COU de la promoci\u00f3n del 99, y soy de los que previamente pas\u00e1bamos por el Kinder. Estudi\u00e9 Administraci\u00f3n y Direcci\u00f3n de Empresas, y despu\u00e9s de dar m\u00e1s vueltas que una peonza, trabajar en diferentes empresas, haberme ido a M\u00e9xico, e incluso, al volver, haber montado una empresa que no despeg\u00f3, un poco por casualidad aterric\u00e9 en una aseguradora holandesa nada m\u00e1s nacer mi hijo, y desde entonces dirijo un equipo comercial. Bendita casualidad, porque no s\u00f3lo descubr\u00ed una vocaci\u00f3n que no conoc\u00eda, sino que me enamor\u00e9 de mi trabajo, y de lo que podemos hacer por nuestros Clientes, y su tranquilidad familiar y financiera.<\/p>\n<p>[\/et_pb_team_member][\/et_pb_column][\/et_pb_row][\/et_pb_section]<\/p>\n","protected":false},"excerpt":{"rendered":"<p>SEMINARIO SALUD FINANCIERALa duraci\u00f3n del Seminario ser\u00e1 de 1h 30 minutosTEMARIO &#8211; Introducci\u00f3n a la salud financiera. Tu Econom\u00eda y t\u00fa.- Ahorra. Aunque creas que no puedes; puedes.- Saca rentabilidad a tu dinero, que tu dinero gane por ti.- Un patrimonio sin riesgos.- \u00bfEst\u00e1s contento con tu hipoteca? &nbsp;Imprescindible inscribirse para la organizaci\u00f3n del espacio. [&hellip;]<\/p>\n","protected":false},"author":2,"featured_media":0,"parent":0,"menu_order":0,"comment_status":"closed","ping_status":"closed","template":"","meta":{"_et_pb_use_builder":"on","_et_pb_old_content":"","_et_gb_content_width":"","footnotes":""},"class_list":["post-4030","page","type-page","status-publish","hentry"],"_links":{"self":[{"href":"https:\/\/antiguosalumnosmaravillas.com\/asociacion\/wp-json\/wp\/v2\/pages\/4030","targetHints":{"allow":["GET"]}}],"collection":[{"href":"https:\/\/antiguosalumnosmaravillas.com\/asociacion\/wp-json\/wp\/v2\/pages"}],"about":[{"href":"https:\/\/antiguosalumnosmaravillas.com\/asociacion\/wp-json\/wp\/v2\/types\/page"}],"author":[{"embeddable":true,"href":"https:\/\/antiguosalumnosmaravillas.com\/asociacion\/wp-json\/wp\/v2\/users\/2"}],"replies":[{"embeddable":true,"href":"https:\/\/antiguosalumnosmaravillas.com\/asociacion\/wp-json\/wp\/v2\/comments?post=4030"}],"version-history":[{"count":8,"href":"https:\/\/antiguosalumnosmaravillas.com\/asociacion\/wp-json\/wp\/v2\/pages\/4030\/revisions"}],"predecessor-version":[{"id":4046,"href":"https:\/\/antiguosalumnosmaravillas.com\/asociacion\/wp-json\/wp\/v2\/pages\/4030\/revisions\/4046"}],"wp:attachment":[{"href":"https:\/\/antiguosalumnosmaravillas.com\/asociacion\/wp-json\/wp\/v2\/media?parent=4030"}],"curies":[{"name":"wp","href":"https:\/\/api.w.org\/{rel}","templated":true}]}}