{"id":3869,"date":"2020-12-21T18:54:08","date_gmt":"2020-12-21T17:54:08","guid":{"rendered":"http:\/\/antiguosalumnosmaravillas.com\/asociacion\/?page_id=3869"},"modified":"2020-12-21T19:04:53","modified_gmt":"2020-12-21T18:04:53","slug":"vivero-de-empresas","status":"publish","type":"page","link":"https:\/\/antiguosalumnosmaravillas.com\/asociacion\/vivero-de-empresas\/","title":{"rendered":"VIVERO DE EMPRESAS"},"content":{"rendered":"<p>[et_pb_section fb_built=\u00bb1&#8243; _builder_version=\u00bb4.7.7&#8243; _module_preset=\u00bbdefault\u00bb background_color=\u00bb#004987&#8243; custom_padding=\u00bb2px||0px|||\u00bb][et_pb_row _builder_version=\u00bb4.7.7&#8243; _module_preset=\u00bbdefault\u00bb][et_pb_column type=\u00bb4_4&#8243; _builder_version=\u00bb4.7.7&#8243; _module_preset=\u00bbdefault\u00bb][et_pb_text _builder_version=\u00bb4.7.7&#8243; _module_preset=\u00bbdefault\u00bb header_text_align=\u00bbcenter\u00bb header_text_color=\u00bb#ffffff\u00bb]<\/p>\n<h1><strong>VIVERO DE EMPRESAS<\/strong><\/h1>\n<p>[\/et_pb_text][\/et_pb_column][\/et_pb_row][\/et_pb_section][et_pb_section fb_built=\u00bb1&#8243; _builder_version=\u00bb4.7.7&#8243; _module_preset=\u00bbdefault\u00bb custom_padding=\u00bb||9px|||\u00bb][et_pb_row column_structure=\u00bb3_5,2_5&#8243; _builder_version=\u00bb4.7.7&#8243; _module_preset=\u00bbdefault\u00bb][et_pb_column type=\u00bb3_5&#8243; _builder_version=\u00bb4.7.7&#8243; _module_preset=\u00bbdefault\u00bb][et_pb_text _builder_version=\u00bb4.7.7&#8243; _module_preset=\u00bbdefault\u00bb]<\/p>\n<h2><strong>\u00bfQu\u00e9 es un vivero de empresas?<\/strong><\/h2>\n<p>Es un lugar en el que se ayuda a emprendedores, que quieran iniciar un proyecto empresarial, a iniciar su actividad.<\/p>\n<p>Para ello, se suelen ofrecer servicios de infraestructura, apoyo, asesoramiento y seguimiento de su plan de negocio durante el inicio de su actividad. En algunos casos este plazo se puede alargar dependiendo del tipo de desarrollo emprendido.<\/p>\n<p>Mientras el emprendedor recibe apoyo y cobertura, su proyecto tiene la posibilidad de introducirse en el mercado y establecer relaciones necesarias para desarrollarse, al tiempo que accede a un coste y a un riesgo menor del que resultar\u00eda de implantarse sin ning\u00fan tipo de apoyo.<\/p>\n<p><strong>Nuestra idea es facilitar asesoramiento inicial con el objetivo de resolver las primeras dudas que a todo emprendedor se le pasan por la cabeza en los inicios<\/strong>: \u00bfmi idea tiene cabida en el mercado? \u00bfTiene sentido comercial? \u00bfAlgui\u00e9n puede estar dispuesto a pagar por mi producto?.<\/p>\n<p>Una vez estudiada la viabilidad empresarial, <strong>queremos apoyar y asesorar a los emprendedores en la elaboraci\u00f3n del plan de negocio<\/strong> que pondr\u00e1n en pr\u00e1ctica e incluso crear una red de personas que est\u00e9n dispuestas a financiar dichos proyectos. Realizaremos actividades de formaci\u00f3n, networking y sesiones de asesoramiento t\u00e9cnico. El objetivo es conseguir un an\u00e1lisis exhaustivo de la idea de negocio, con la finalidad de descartarla o ponerla en marcha.<\/p>\n<p>[\/et_pb_text][\/et_pb_column][et_pb_column type=\u00bb2_5&#8243; _builder_version=\u00bb4.7.7&#8243; _module_preset=\u00bbdefault\u00bb background_color=\u00bb#fac014&#8243; custom_padding=\u00bb21px|15px|20px|14px|false|false\u00bb][et_pb_text _builder_version=\u00bb4.7.7&#8243; _module_preset=\u00bbdefault\u00bb]<\/p>\n<h2><strong>Estos son los objetivos que nos proponemos:<\/strong><\/h2>\n<p>[\/et_pb_text][et_pb_blurb title=\u00bbINSTALACIONES Y CONSULTOR\u00cdA\u00bb use_icon=\u00bbon\u00bb font_icon=\u00bb%%24%%\u00bb icon_color=\u00bb#ffffff\u00bb icon_placement=\u00bbleft\u00bb use_icon_font_size=\u00bbon\u00bb icon_font_size=\u00bb22px\u00bb _builder_version=\u00bb4.7.7&#8243; _module_preset=\u00bbdefault\u00bb header_font=\u00bb|600|||||||\u00bb]<\/p>\n<p>Apoyar las nuevas empresas a trav\u00e9s de la oferta de instalaciones y consultor\u00eda especializada.<\/p>\n<p>[\/et_pb_blurb][et_pb_blurb title=\u00bbMINIMIZAR COSTES\u00bb use_icon=\u00bbon\u00bb font_icon=\u00bb%%24%%\u00bb icon_color=\u00bb#ffffff\u00bb icon_placement=\u00bbleft\u00bb use_icon_font_size=\u00bbon\u00bb icon_font_size=\u00bb22px\u00bb _builder_version=\u00bb4.7.7&#8243; _module_preset=\u00bbdefault\u00bb header_font=\u00bb|600|||||||\u00bb]<\/p>\n<p>Fomentar la creaci\u00f3n de nuevas empresas minimizando los costes al inicio de su actividad.<\/p>\n<p>[\/et_pb_blurb][et_pb_blurb title=\u00bbFORTALECER CAPACIDAD EMPRENDEDORA\u00bb use_icon=\u00bbon\u00bb font_icon=\u00bb%%24%%\u00bb icon_color=\u00bb#ffffff\u00bb icon_placement=\u00bbleft\u00bb use_icon_font_size=\u00bbon\u00bb icon_font_size=\u00bb22px\u00bb _builder_version=\u00bb4.7.7&#8243; _module_preset=\u00bbdefault\u00bb header_font=\u00bb|600|||||||\u00bb]<\/p>\n<p>Fortalecer la capacidad emprendedora creando un ambiente adecuado para el desarrollo.<\/p>\n<p>[\/et_pb_blurb][et_pb_blurb title=\u00bbAUMENTAR TASA DE SUPERVIVENCIA\u00bb use_icon=\u00bbon\u00bb font_icon=\u00bb%%24%%\u00bb icon_color=\u00bb#ffffff\u00bb icon_placement=\u00bbleft\u00bb use_icon_font_size=\u00bbon\u00bb icon_font_size=\u00bb22px\u00bb _builder_version=\u00bb4.7.7&#8243; _module_preset=\u00bbdefault\u00bb header_font=\u00bb|600|||||||\u00bb]<\/p>\n<p>Aumentar la tasa de supervivencia durante los primeros a\u00f1os de vida de las empresas.<\/p>\n<p>[\/et_pb_blurb][et_pb_blurb title=\u00bbCONTRIBUIR A LA GENERACI\u00d3N DE EMPLEO\u00bb use_icon=\u00bbon\u00bb font_icon=\u00bb%%24%%\u00bb icon_color=\u00bb#ffffff\u00bb icon_placement=\u00bbleft\u00bb use_icon_font_size=\u00bbon\u00bb icon_font_size=\u00bb22px\u00bb _builder_version=\u00bb4.7.7&#8243; _module_preset=\u00bbdefault\u00bb header_font=\u00bb|600|||||||\u00bb]<\/p>\n<p>Contribuir a la generaci\u00f3n de empleo, tanto de naturaleza asalariada como a trav\u00e9s del autoempleo.<\/p>\n<p>[\/et_pb_blurb][\/et_pb_column][\/et_pb_row][\/et_pb_section][et_pb_section fb_built=\u00bb1&#8243; _builder_version=\u00bb4.7.7&#8243; _module_preset=\u00bbdefault\u00bb custom_padding=\u00bb0px|||||\u00bb][et_pb_row column_structure=\u00bb1_2,1_2&#8243; make_equal=\u00bbon\u00bb _builder_version=\u00bb4.7.7&#8243; _module_preset=\u00bbdefault\u00bb][et_pb_column type=\u00bb1_2&#8243; _builder_version=\u00bb4.7.7&#8243; _module_preset=\u00bbdefault\u00bb background_color=\u00bb#004987&#8243; custom_padding=\u00bb15px|16px|16px|13px|false|false\u00bb][et_pb_text _builder_version=\u00bb4.7.7&#8243; _module_preset=\u00bbdefault\u00bb header_3_text_align=\u00bbcenter\u00bb header_3_text_color=\u00bb#ffffff\u00bb]<\/p>\n<h3><strong>\u00bfTienes una idea de negocio y quieres cont\u00e1rnosla para que podamos echarte una mano?<\/strong><\/h3>\n<p>[\/et_pb_text][et_pb_button button_text=\u00bbContar mi idea de Negocio\u00bb button_alignment=\u00bbcenter\u00bb _builder_version=\u00bb4.7.7&#8243; _module_preset=\u00bbdefault\u00bb custom_button=\u00bbon\u00bb button_text_size=\u00bb16px\u00bb background_layout=\u00bbdark\u00bb hover_enabled=\u00bb0&#8243; button_url=\u00bbhttp:\/\/antiguosalumnosmaravillas.com\/asociacion\/idea-de-negocio\/\u00bb sticky_enabled=\u00bb0&#8243;][\/et_pb_button][\/et_pb_column][et_pb_column type=\u00bb1_2&#8243; _builder_version=\u00bb4.7.7&#8243; _module_preset=\u00bbdefault\u00bb background_color=\u00bb#e83f59&#8243; custom_padding=\u00bb15px|16px|16px|13px|false|false\u00bb][et_pb_text _builder_version=\u00bb4.7.7&#8243; _module_preset=\u00bbdefault\u00bb header_3_font=\u00bb|600|||||||\u00bb header_3_text_color=\u00bb#ffffff\u00bb text_orientation=\u00bbcenter\u00bb]<\/p>\n<h3><strong>Buscamos \u201cangelitos\u201d.<\/strong><\/h3>\n<h3><strong>Tutores y mentores que quieran dedicar su tiempo y su experiencia a apoyar a antiguos alumnos emprendedores.<\/strong><\/h3>\n<p>[\/et_pb_text][et_pb_button button_text=\u00bbQuiero ser un %22angelito%22&#8243; button_alignment=\u00bbcenter\u00bb _builder_version=\u00bb4.7.7&#8243; _module_preset=\u00bbdefault\u00bb custom_button=\u00bbon\u00bb button_text_size=\u00bb16px\u00bb background_layout=\u00bbdark\u00bb hover_enabled=\u00bb0&#8243; button_url=\u00bbhttp:\/\/antiguosalumnosmaravillas.com\/asociacion\/angelito\/\u00bb sticky_enabled=\u00bb0&#8243;][\/et_pb_button][\/et_pb_column][\/et_pb_row][\/et_pb_section]<\/p>\n","protected":false},"excerpt":{"rendered":"<p>VIVERO DE EMPRESAS\u00bfQu\u00e9 es un vivero de empresas? Es un lugar en el que se ayuda a emprendedores, que quieran iniciar un proyecto empresarial, a iniciar su actividad. Para ello, se suelen ofrecer servicios de infraestructura, apoyo, asesoramiento y seguimiento de su plan de negocio durante el inicio de su actividad. En algunos casos este [&hellip;]<\/p>\n","protected":false},"author":2,"featured_media":0,"parent":0,"menu_order":0,"comment_status":"closed","ping_status":"closed","template":"","meta":{"_et_pb_use_builder":"on","_et_pb_old_content":"","_et_gb_content_width":"","footnotes":""},"class_list":["post-3869","page","type-page","status-publish","hentry"],"_links":{"self":[{"href":"https:\/\/antiguosalumnosmaravillas.com\/asociacion\/wp-json\/wp\/v2\/pages\/3869","targetHints":{"allow":["GET"]}}],"collection":[{"href":"https:\/\/antiguosalumnosmaravillas.com\/asociacion\/wp-json\/wp\/v2\/pages"}],"about":[{"href":"https:\/\/antiguosalumnosmaravillas.com\/asociacion\/wp-json\/wp\/v2\/types\/page"}],"author":[{"embeddable":true,"href":"https:\/\/antiguosalumnosmaravillas.com\/asociacion\/wp-json\/wp\/v2\/users\/2"}],"replies":[{"embeddable":true,"href":"https:\/\/antiguosalumnosmaravillas.com\/asociacion\/wp-json\/wp\/v2\/comments?post=3869"}],"version-history":[{"count":4,"href":"https:\/\/antiguosalumnosmaravillas.com\/asociacion\/wp-json\/wp\/v2\/pages\/3869\/revisions"}],"predecessor-version":[{"id":3890,"href":"https:\/\/antiguosalumnosmaravillas.com\/asociacion\/wp-json\/wp\/v2\/pages\/3869\/revisions\/3890"}],"wp:attachment":[{"href":"https:\/\/antiguosalumnosmaravillas.com\/asociacion\/wp-json\/wp\/v2\/media?parent=3869"}],"curies":[{"name":"wp","href":"https:\/\/api.w.org\/{rel}","templated":true}]}}