{"id":3849,"date":"2020-11-26T20:16:28","date_gmt":"2020-11-26T19:16:28","guid":{"rendered":"http:\/\/antiguosalumnosmaravillas.com\/asociacion\/?page_id=3849"},"modified":"2020-12-21T18:19:54","modified_gmt":"2020-12-21T17:19:54","slug":"asociacion-antiguos-alumnos","status":"publish","type":"page","link":"https:\/\/antiguosalumnosmaravillas.com\/asociacion\/asociacion-antiguos-alumnos\/","title":{"rendered":"Asociaci\u00f3n Antiguos Alumnos"},"content":{"rendered":"<p>[et_pb_section fb_built=\u00bb1&#8243; _builder_version=\u00bb3.22&#8243;][et_pb_row _builder_version=\u00bb4.7.7&#8243; _module_preset=\u00bbdefault\u00bb][et_pb_column _builder_version=\u00bb4.7.7&#8243; _module_preset=\u00bbdefault\u00bb type=\u00bb4_4&#8243;][et_pb_text _builder_version=\u00bb4.7.7&#8243; _module_preset=\u00bbdefault\u00bb header_text_align=\u00bbcenter\u00bb hover_enabled=\u00bb0&#8243; sticky_enabled=\u00bb0&#8243;]<\/p>\n<h1><strong>Quiero enterarme de todo lo que pasa en la Asociaci\u00f3n<\/strong><\/h1>\n<p>[\/et_pb_text][\/et_pb_column][\/et_pb_row][et_pb_row _builder_version=\u00bb3.25&#8243; background_size=\u00bbinitial\u00bb background_position=\u00bbtop_left\u00bb background_repeat=\u00bbrepeat\u00bb][et_pb_column type=\u00bb4_4&#8243; _builder_version=\u00bb3.0.47&#8243; custom_padding=\u00bb|||\u00bb custom_padding__hover=\u00bb|||\u00bb][et_pb_code _builder_version=\u00bb3.29.3&#8243; z_index_tablet=\u00bb500&#8243;]<!-- Begin Mailchimp Signup Form --><!-- [et_pb_line_break_holder] --><link href=\"\/\/cdn-images.mailchimp.com\/embedcode\/classic-10_7.css\" rel=\"stylesheet\" type=\"text\/css\"><!-- [et_pb_line_break_holder] --><\/p>\n<style type=\"text\/css\"><!-- [et_pb_line_break_holder] -->\t#mc_embed_signup{background:#fff; clear:left; font:14px Helvetica,Arial,sans-serif; }<!-- [et_pb_line_break_holder] -->\t\/* Add your own Mailchimp form style overrides in your site stylesheet or in this style block.<!-- [et_pb_line_break_holder] -->\t   We recommend moving this block and the preceding CSS link to the HEAD of your HTML file. *\/<!-- [et_pb_line_break_holder] --><\/style>\n<p><!-- [et_pb_line_break_holder] --><\/p>\n<style type=\"text\/css\"><!-- [et_pb_line_break_holder] -->\t#mc-embedded-subscribe-form input[type=checkbox]{display: inline; width: auto;margin-right: 10px;}<!-- [et_pb_line_break_holder] -->\t#mergeRow-gdpr {margin-top: 20px;}<!-- [et_pb_line_break_holder] -->\t#mergeRow-gdpr fieldset label {font-weight: normal;}<!-- [et_pb_line_break_holder] -->\t#mc-embedded-subscribe-form .mc_fieldset{border:none;min-height: 0px;padding-bottom:0px;}<!-- [et_pb_line_break_holder] --><\/style>\n<p><!-- [et_pb_line_break_holder] --><\/p>\n<div id=\"mc_embed_signup\"><!-- [et_pb_line_break_holder] --><\/p>\n<form action=\"https:\/\/antiguosalumnosmaravillas.us18.list-manage.com\/subscribe\/post?u=ea471337a6a65b667681b99eb&#038;id=de1bdde4bc\" method=\"post\" id=\"mc-embedded-subscribe-form\" name=\"mc-embedded-subscribe-form\" class=\"validate\" target=\"_blank\" novalidate><!-- [et_pb_line_break_holder] -->    <\/p>\n<div id=\"mc_embed_signup_scroll\"><!-- [et_pb_line_break_holder] -->\t<\/p>\n<h2>Asociaci\u00f3n Antiguos Alumnos La Salle Maravillas<\/h2>\n<p><!-- [et_pb_line_break_holder] --><\/p>\n<div class=\"indicates-required\"><span class=\"asterisk\">*<\/span> indicates required<\/div>\n<p><!-- [et_pb_line_break_holder] --><\/p>\n<div class=\"mc-field-group\"><!-- [et_pb_line_break_holder] -->\t<label for=\"mce-LNAME\">Apellidos* <\/label><!-- [et_pb_line_break_holder] -->\t<input type=\"text\" value=\"\" name=\"LNAME\" class=\"\" id=\"mce-LNAME\"><!-- [et_pb_line_break_holder] --><\/div>\n<p><!-- [et_pb_line_break_holder] --><\/p>\n<div class=\"mc-field-group\"><!-- [et_pb_line_break_holder] -->\t<label for=\"mce-FNAME\">Nombre* <\/label><!-- [et_pb_line_break_holder] -->\t<input type=\"text\" value=\"\" name=\"FNAME\" class=\"\" id=\"mce-FNAME\"><!-- [et_pb_line_break_holder] --><\/div>\n<p><!-- [et_pb_line_break_holder] --><\/p>\n<div class=\"mc-field-group\"><!-- [et_pb_line_break_holder] -->\t<label for=\"mce-MMERGE5\">Promoci\u00f3n* <\/label><!-- [et_pb_line_break_holder] -->\t<input type=\"text\" value=\"\" name=\"MMERGE5\" class=\"\" id=\"mce-MMERGE5\"><!-- [et_pb_line_break_holder] --><\/div>\n<p><!-- [et_pb_line_break_holder] --><\/p>\n<div class=\"mc-field-group\"><!-- [et_pb_line_break_holder] -->\t<label for=\"mce-EMAIL\">Email*  <span class=\"asterisk\">*<\/span><!-- [et_pb_line_break_holder] --><\/label><!-- [et_pb_line_break_holder] -->\t<input type=\"email\" value=\"\" name=\"EMAIL\" class=\"required email\" id=\"mce-EMAIL\"><!-- [et_pb_line_break_holder] --><\/div>\n<p><!-- [et_pb_line_break_holder] --><\/p>\n<div class=\"mc-field-group\"><!-- [et_pb_line_break_holder] -->\t<label for=\"mce-MMERGE6\">Profesi\u00f3n\/Estudios*  <span class=\"asterisk\">*<\/span><!-- [et_pb_line_break_holder] --><\/label><!-- [et_pb_line_break_holder] -->\t<input type=\"text\" value=\"\" name=\"MMERGE6\" class=\"required\" id=\"mce-MMERGE6\"><!-- [et_pb_line_break_holder] --><\/div>\n<p><!-- [et_pb_line_break_holder] --><\/p>\n<div class=\"mc-field-group\"><!-- [et_pb_line_break_holder] -->\t<label for=\"mce-MMERGE8\">Empresa <\/label><!-- [et_pb_line_break_holder] -->\t<input type=\"text\" value=\"\" name=\"MMERGE8\" class=\"\" id=\"mce-MMERGE8\"><!-- [et_pb_line_break_holder] --><\/div>\n<p><!-- [et_pb_line_break_holder] --><\/p>\n<div class=\"mc-field-group\"><!-- [et_pb_line_break_holder] -->\t<label for=\"mce-MMERGE10\">Cargo en la empresa <\/label><!-- [et_pb_line_break_holder] -->\t<input type=\"text\" value=\"\" name=\"MMERGE10\" class=\"\" id=\"mce-MMERGE10\"><!-- [et_pb_line_break_holder] --><\/div>\n<p><!-- [et_pb_line_break_holder] --><\/p>\n<div class=\"mc-field-group\"><!-- [et_pb_line_break_holder] -->\t<label for=\"mce-MMERGE11\">Tel\u00e9fono <\/label><!-- [et_pb_line_break_holder] -->\t<input type=\"text\" value=\"\" name=\"MMERGE11\" class=\"\" id=\"mce-MMERGE11\"><!-- [et_pb_line_break_holder] --><\/div>\n<p><!-- [et_pb_line_break_holder] --><\/p>\n<div id=\"mergeRow-gdpr\" class=\"mergeRow gdpr-mergeRow content__gdprBlock mc-field-group\"><!-- [et_pb_line_break_holder] -->    <\/p>\n<div class=\"content__gdpr\"><!-- [et_pb_line_break_holder] -->        <label>Permisos de promoci\u00f3n<\/label><!-- [et_pb_line_break_holder] -->        <pee>Seleccione todas las formas en que le gustar\u00eda recibir noticias de Asociaci\u00f3n Antiguos Alumnos Maravillas:<\/pee><!-- [et_pb_line_break_holder] -->        <\/p>\n<fieldset class=\"mc_fieldset gdprRequired mc-field-group\" name=\"interestgroup_field\"><!-- [et_pb_line_break_holder] -->\t\t<label class=\"checkbox subfield\" for=\"gdpr_65074\"><input type=\"checkbox\" id=\"gdpr_65074\" name=\"gdpr[65074]\" value=\"Y\" class=\"av-checkbox gdpr\"><span>Correo electr\u00f3nico<\/span> <\/label><!-- [et_pb_line_break_holder] -->        <\/fieldset>\n<p><!-- [et_pb_line_break_holder] -->        <pee>Puede darse de baja en cualquier momento haciendo clic en el enlace que aparece en el pie de p\u00e1gina de nuestros correos electr\u00f3nicos. Para obtener informaci\u00f3n sobre nuestras pr\u00e1cticas de privacidad, visite nuestro sitio web.<\/pee><!-- [et_pb_line_break_holder] -->    <\/div>\n<p><!-- [et_pb_line_break_holder] -->    <\/p>\n<div class=\"content__gdprLegal\"><!-- [et_pb_line_break_holder] -->        <pee>We use Mailchimp as our marketing platform. By clicking below to subscribe, you acknowledge that your information will be transferred to Mailchimp for processing. <a href=\"https:\/\/mailchimp.com\/legal\/\" target=\"_blank\" rel=\"noopener noreferrer\">Learn more about Mailchimp&#8217;s privacy practices here.<\/a><\/pee><!-- [et_pb_line_break_holder] -->    <\/div>\n<p><!-- [et_pb_line_break_holder] --><\/div>\n<p><!-- [et_pb_line_break_holder] -->\t<\/p>\n<div id=\"mce-responses\" class=\"clear\"><!-- [et_pb_line_break_holder] -->\t\t<\/p>\n<div class=\"response\" id=\"mce-error-response\" style=\"display:none\"><\/div>\n<p><!-- [et_pb_line_break_holder] -->\t\t<\/p>\n<div class=\"response\" id=\"mce-success-response\" style=\"display:none\"><\/div>\n<p><!-- [et_pb_line_break_holder] -->\t<\/div>\n<p>    <!-- real people should not fill this in and expect good things - do not remove this or risk form bot signups--><!-- [et_pb_line_break_holder] -->    <\/p>\n<div style=\"position: absolute; left: -5000px;\" aria-hidden=\"true\"><input type=\"text\" name=\"b_ea471337a6a65b667681b99eb_de1bdde4bc\" tabindex=\"-1\" value=\"\"><\/div>\n<p><!-- [et_pb_line_break_holder] -->    <\/p>\n<div class=\"clear\"><input type=\"submit\" value=\"Subscribe\" name=\"subscribe\" id=\"mc-embedded-subscribe\" class=\"button\"><\/div>\n<p><!-- [et_pb_line_break_holder] -->    <\/div>\n<p><!-- [et_pb_line_break_holder] --><\/form>\n<p><!-- [et_pb_line_break_holder] --><\/div>\n<p><!-- [et_pb_line_break_holder] --><script type='text\/javascript' src='\/\/s3.amazonaws.com\/downloads.mailchimp.com\/js\/mc-validate.js'><\/script><script type='text\/javascript'>(function($) {window.fnames = new Array(); window.ftypes = new Array();fnames[2]='LNAME';ftypes[2]='text';fnames[1]='FNAME';ftypes[1]='text';fnames[5]='MMERGE5';ftypes[5]='text';fnames[0]='EMAIL';ftypes[0]='email';fnames[6]='MMERGE6';ftypes[6]='text';fnames[8]='MMERGE8';ftypes[8]='text';fnames[10]='MMERGE10';ftypes[10]='text';fnames[11]='MMERGE11';ftypes[11]='text'; \/*<!-- [et_pb_line_break_holder] --> * Translated default messages for the $ validation plugin.<!-- [et_pb_line_break_holder] --> * Locale: ES<!-- [et_pb_line_break_holder] --> *\/<!-- [et_pb_line_break_holder] -->$.extend($.validator.messages, {<!-- [et_pb_line_break_holder] -->  required: \"Este campo es obligatorio.\",<!-- [et_pb_line_break_holder] -->  remote: \"Por favor, rellena este campo.\",<!-- [et_pb_line_break_holder] -->  email: \"Por favor, escribe una direcci\u00f3n de correo v\u00e1lida\",<!-- [et_pb_line_break_holder] -->  url: \"Por favor, escribe una URL v\u00e1lida.\",<!-- [et_pb_line_break_holder] -->  date: \"Por favor, escribe una fecha v\u00e1lida.\",<!-- [et_pb_line_break_holder] -->  dateISO: \"Por favor, escribe una fecha (ISO) v\u00e1lida.\",<!-- [et_pb_line_break_holder] -->  number: \"Por favor, escribe un n\u00famero entero v\u00e1lido.\",<!-- [et_pb_line_break_holder] -->  digits: \"Por favor, escribe s\u00f3lo d\u00edgitos.\",<!-- [et_pb_line_break_holder] -->  creditcard: \"Por favor, escribe un n\u00famero de tarjeta v\u00e1lido.\",<!-- [et_pb_line_break_holder] -->  equalTo: \"Por favor, escribe el mismo valor de nuevo.\",<!-- [et_pb_line_break_holder] -->  accept: \"Por favor, escribe un valor con una extensi\u00f3n aceptada.\",<!-- [et_pb_line_break_holder] -->  maxlength: $.validator.format(\"Por favor, no escribas m\u00e1s de {0} caracteres.\"),<!-- [et_pb_line_break_holder] -->  minlength: $.validator.format(\"Por favor, no escribas menos de {0} caracteres.\"),<!-- [et_pb_line_break_holder] -->  rangelength: $.validator.format(\"Por favor, escribe un valor entre {0} y {1} caracteres.\"),<!-- [et_pb_line_break_holder] -->  range: $.validator.format(\"Por favor, escribe un valor entre {0} y {1}.\"),<!-- [et_pb_line_break_holder] -->  max: $.validator.format(\"Por favor, escribe un valor menor o igual a {0}.\"),<!-- [et_pb_line_break_holder] -->  min: $.validator.format(\"Por favor, escribe un valor mayor o igual a {0}.\")<!-- [et_pb_line_break_holder] -->});}(jQuery));var $mcj = jQuery.noConflict(true);<\/script><!-- [et_pb_line_break_holder] --><!--End mc_embed_signup-->[\/et_pb_code][\/et_pb_column][\/et_pb_row][\/et_pb_section]<\/p>\n","protected":false},"excerpt":{"rendered":"<p>Quiero enterarme de todo lo que pasa en la Asociaci\u00f3n<\/p>\n","protected":false},"author":2,"featured_media":0,"parent":0,"menu_order":0,"comment_status":"closed","ping_status":"closed","template":"","meta":{"_et_pb_use_builder":"on","_et_pb_old_content":"","_et_gb_content_width":"","footnotes":""},"class_list":["post-3849","page","type-page","status-publish","hentry"],"_links":{"self":[{"href":"https:\/\/antiguosalumnosmaravillas.com\/asociacion\/wp-json\/wp\/v2\/pages\/3849","targetHints":{"allow":["GET"]}}],"collection":[{"href":"https:\/\/antiguosalumnosmaravillas.com\/asociacion\/wp-json\/wp\/v2\/pages"}],"about":[{"href":"https:\/\/antiguosalumnosmaravillas.com\/asociacion\/wp-json\/wp\/v2\/types\/page"}],"author":[{"embeddable":true,"href":"https:\/\/antiguosalumnosmaravillas.com\/asociacion\/wp-json\/wp\/v2\/users\/2"}],"replies":[{"embeddable":true,"href":"https:\/\/antiguosalumnosmaravillas.com\/asociacion\/wp-json\/wp\/v2\/comments?post=3849"}],"version-history":[{"count":3,"href":"https:\/\/antiguosalumnosmaravillas.com\/asociacion\/wp-json\/wp\/v2\/pages\/3849\/revisions"}],"predecessor-version":[{"id":3867,"href":"https:\/\/antiguosalumnosmaravillas.com\/asociacion\/wp-json\/wp\/v2\/pages\/3849\/revisions\/3867"}],"wp:attachment":[{"href":"https:\/\/antiguosalumnosmaravillas.com\/asociacion\/wp-json\/wp\/v2\/media?parent=3849"}],"curies":[{"name":"wp","href":"https:\/\/api.w.org\/{rel}","templated":true}]}}