{"id":324,"date":"2015-12-13T20:43:18","date_gmt":"2015-12-13T19:43:18","guid":{"rendered":"http:\/\/antiguosalumnosmaravillas.com\/asociacion\/?page_id=324"},"modified":"2024-03-21T13:48:33","modified_gmt":"2024-03-21T12:48:33","slug":"junta-directiva","status":"publish","type":"page","link":"https:\/\/antiguosalumnosmaravillas.com\/asociacion\/junta-directiva\/","title":{"rendered":"JUNTA DIRECTIVA"},"content":{"rendered":"<p>[et_pb_section fb_built=\u00bb1&#8243; fullwidth=\u00bbon\u00bb custom_padding_last_edited=\u00bbon|desktop\u00bb admin_label=\u00bbSecci\u00f3n\u00bb _builder_version=\u00bb4.21.2&#8243; background_color=\u00bb#202a60&#8243; custom_padding_tablet=\u00bb50px|0|50px|0&#8243; custom_padding_phone=\u00bb\u00bb transparent_background=\u00bboff\u00bb padding_mobile=\u00bboff\u00bb make_fullwidth=\u00bboff\u00bb use_custom_width=\u00bboff\u00bb width_unit=\u00bbon\u00bb global_colors_info=\u00bb{}\u00bb theme_builder_area=\u00bbpost_content\u00bb][et_pb_fullwidth_header title=\u00bbJunta Directiva Asociaci\u00f3n\u00bb text_orientation=\u00bbcenter\u00bb content_max_width=\u00bbnone\u00bb admin_label=\u00bbT\u00edtulo de anchura completa\u00bb _builder_version=\u00bb4.21.2&#8243; background_color=\u00bbrgba(255, 255, 255, 0)\u00bb custom_padding=\u00bb0px||0px|||\u00bb title_font_size_tablet=\u00bb\u00bb title_font_size_phone=\u00bb17px\u00bb title_font_size_last_edited=\u00bbon|phone\u00bb button_one_border_radius_hover=\u00bb3&#8243; button_two_border_radius_hover=\u00bb3&#8243; button_one_letter_spacing_hover=\u00bb0&#8243; button_two_letter_spacing_hover=\u00bb0&#8243; global_colors_info=\u00bb{}\u00bb button_one_text_size__hover_enabled=\u00bboff\u00bb button_two_text_size__hover_enabled=\u00bboff\u00bb button_one_text_color__hover_enabled=\u00bboff\u00bb button_two_text_color__hover_enabled=\u00bboff\u00bb button_one_border_width__hover_enabled=\u00bboff\u00bb button_two_border_width__hover_enabled=\u00bboff\u00bb button_one_border_color__hover_enabled=\u00bboff\u00bb button_two_border_color__hover_enabled=\u00bboff\u00bb button_one_border_radius__hover_enabled=\u00bbon\u00bb button_one_border_radius__hover=\u00bb3&#8243; button_two_border_radius__hover_enabled=\u00bbon\u00bb button_two_border_radius__hover=\u00bb3&#8243; button_one_letter_spacing__hover_enabled=\u00bbon\u00bb button_one_letter_spacing__hover=\u00bb0&#8243; button_two_letter_spacing__hover_enabled=\u00bbon\u00bb button_two_letter_spacing__hover=\u00bb0&#8243; button_one_bg_color__hover_enabled=\u00bboff\u00bb button_two_bg_color__hover_enabled=\u00bboff\u00bb theme_builder_area=\u00bbpost_content\u00bb][\/et_pb_fullwidth_header][\/et_pb_section][et_pb_section fb_built=\u00bb1&#8243; _builder_version=\u00bb4.16&#8243; global_colors_info=\u00bb{}\u00bb theme_builder_area=\u00bbpost_content\u00bb][et_pb_row column_structure=\u00bb1_3,1_3,1_3&#8243; _builder_version=\u00bb4.16&#8243; module_alignment=\u00bbcenter\u00bb global_colors_info=\u00bb{}\u00bb theme_builder_area=\u00bbpost_content\u00bb][et_pb_column type=\u00bb1_3&#8243; _builder_version=\u00bb4.16&#8243; global_colors_info=\u00bb{}\u00bb theme_builder_area=\u00bbpost_content\u00bb][et_pb_team_member name=\u00bbClara Mariscal\u00bb position=\u00bbPromoci\u00f3n 2005-2006&#8243; image_url=\u00bbhttps:\/\/antiguosalumnosmaravillas.com\/asociacion\/wp-content\/uploads\/2024\/03\/clara-mariscal.jpg\u00bb _builder_version=\u00bb4.21.2&#8243; header_font=\u00bb||||||||\u00bb header_font_size=\u00bb16px\u00bb global_colors_info=\u00bb{}\u00bb theme_builder_area=\u00bbpost_content\u00bb]<\/p>\n<p>Presidenta<\/p>\n<p>[\/et_pb_team_member][et_pb_accordion _builder_version=\u00bb4.21.2&#8243; toggle_font=\u00bb||||||||\u00bb toggle_font_size=\u00bb15px\u00bb closed_toggle_font=\u00bb||||||||\u00bb global_colors_info=\u00bb{}\u00bb theme_builder_area=\u00bbpost_content\u00bb][et_pb_accordion_item title=\u00bbRese\u00f1a profesional\u00bb open=\u00bbon\u00bb _builder_version=\u00bb4.21.2&#8243; global_colors_info=\u00bb{}\u00bb theme_builder_area=\u00bbpost_content\u00bb]<\/p>\n<p><span>Licenciada en derecho, abogada de profesi\u00f3n, durante 12 a\u00f1os me he dedicado en exclusiva al sector privado. En la actualidad, movida por mi pasi\u00f3n y mi deseo de poner mi grano de arena para mejorar la sociedad, compagino el asesoramiento y defensa en el \u00e1mbito privado, con el asesoramiento y acompa\u00f1amiento en el tercer sector.<\/span><\/p>\n<p>[\/et_pb_accordion_item][et_pb_accordion_item title=\u00bb\u00bfQu\u00e9 debe ser la Asociaci\u00f3n?\u00bb _builder_version=\u00bb4.21.2&#8243; global_colors_info=\u00bb{}\u00bb theme_builder_area=\u00bbpost_content\u00bb open=\u00bboff\u00bb]<\/p>\n<p><span>Creo que la Asociaci\u00f3n debe ser el nexo com\u00fan entre lo que el colegio \u201ccrea\u201d y lo que la sociedad \u201cnecesita\u201d. Un lugar de uni\u00f3n de los antiguos alumnos, en el que adem\u00e1s de compartir, se pueda encontrar un lugar en el que crecer personal y profesionalmente. Un espacio de apoyo mutuo entre quienes un d\u00eda formaron parte del mismo colegio y comparten una base en la educaci\u00f3n.<\/span><\/p>\n<p>[\/et_pb_accordion_item][\/et_pb_accordion][\/et_pb_column][et_pb_column type=\u00bb1_3&#8243; _builder_version=\u00bb4.16&#8243; global_colors_info=\u00bb{}\u00bb theme_builder_area=\u00bbpost_content\u00bb][et_pb_team_member name=\u00bbPaco Parrilla\u00bb position=\u00bbPromoci\u00f3n 1974-1975&#8243; image_url=\u00bbhttps:\/\/antiguosalumnosmaravillas.com\/asociacion\/wp-content\/uploads\/2024\/03\/paco-parrilla.jpg\u00bb _builder_version=\u00bb4.21.2&#8243; header_font=\u00bb||||||||\u00bb header_font_size=\u00bb16px\u00bb global_colors_info=\u00bb{}\u00bb theme_builder_area=\u00bbpost_content\u00bb]<\/p>\n<p>Vicepresidente<\/p>\n<p>[\/et_pb_team_member][et_pb_accordion _builder_version=\u00bb4.21.2&#8243; toggle_font=\u00bb||||||||\u00bb toggle_font_size=\u00bb15px\u00bb closed_toggle_font=\u00bb||||||||\u00bb global_colors_info=\u00bb{}\u00bb theme_builder_area=\u00bbpost_content\u00bb][et_pb_accordion_item title=\u00bbRese\u00f1a profesional\u00bb open=\u00bbon\u00bb _builder_version=\u00bb4.21.2&#8243; global_colors_info=\u00bb{}\u00bb theme_builder_area=\u00bbpost_content\u00bb]<\/p>\n<p>Licenciado en Educaci\u00f3n F\u00edsica. INEF de Madrid 1980.<\/p>\n<p>Alumno y profesor del colegio Ntra. Sra. De las Maravillas. Madrid.<\/p>\n<p>Exjugador de balonmano del colegio Maravillas, del Bofarull La Salle, del Atl\u00e9tico de Madrid y de la Selecci\u00f3n Espa\u00f1ola.<\/p>\n<p>Entrenador de balonmano del colegio Maravillas, del Atl\u00e9tico de Madrid de Divisi\u00f3n de Honor, del Legan\u00e9s 1\u00aa Nacional, del Atco. Boadilla Divisi\u00f3n de Honor B y 1\u00aa Nacional.<\/p>\n<p>Miembro de la Junta Directiva de AA. AA. Maravillas. 8 a\u00f1os. 1\u00aa y 2\u00aa junta tras su nueva creaci\u00f3n. 2008-2016. Vocal de deportes.<\/p>\n<p>Jubilado desde septiembre 2024.<\/p>\n<p>[\/et_pb_accordion_item][et_pb_accordion_item title=\u00bb\u00bfQu\u00e9 debe ser la Asociaci\u00f3n?\u00bb _builder_version=\u00bb4.21.2&#8243; global_colors_info=\u00bb{}\u00bb theme_builder_area=\u00bbpost_content\u00bb open=\u00bboff\u00bb]<\/p>\n<p class=\"x_elementToProof\"><span><strong>LUGAR DE ENCUENTRO<\/strong> \/ As\u00ed de simple. Sentimiento y orgullo de pertenencia por haber sido fundamental en mi vida.<\/span><\/p>\n<p class=\"x_elementToProof\"><span><strong>CANAL DE TRANSMISI\u00d3N DE INFORMACI\u00d3N.\u00a0<\/strong> En dos niveles: 1.-Entre los antiguos alumnos. 2.- Entre el colegio actual y los miembros de la asociaci\u00f3n.<\/span><\/p>\n<p class=\"x_elementToProof\"><span>Organizador y a la vez catalizador de todo tipo de actividades que se nos ocurran y que sean de inter\u00e9s de los Asociados<\/span><\/p>\n<p>[\/et_pb_accordion_item][\/et_pb_accordion][\/et_pb_column][et_pb_column type=\u00bb1_3&#8243; _builder_version=\u00bb4.16&#8243; global_colors_info=\u00bb{}\u00bb theme_builder_area=\u00bbpost_content\u00bb][et_pb_team_member name=\u00bbF\u00e9lix Sanz\u00bb position=\u00bbPromoci\u00f3n 1981-1982&#8243; image_url=\u00bbhttps:\/\/antiguosalumnosmaravillas.com\/asociacion\/wp-content\/uploads\/2024\/03\/felix-sanz.jpg\u00bb _builder_version=\u00bb4.21.2&#8243; header_font=\u00bb||||||||\u00bb header_font_size=\u00bb16px\u00bb global_colors_info=\u00bb{}\u00bb theme_builder_area=\u00bbpost_content\u00bb]<\/p>\n<p>Secretario<\/p>\n<p>[\/et_pb_team_member][et_pb_accordion _builder_version=\u00bb4.21.2&#8243; toggle_font=\u00bb||||||||\u00bb toggle_font_size=\u00bb15px\u00bb closed_toggle_font=\u00bb||||||||\u00bb global_colors_info=\u00bb{}\u00bb theme_builder_area=\u00bbpost_content\u00bb][et_pb_accordion_item title=\u00bbRese\u00f1a profesional\u00bb open=\u00bbon\u00bb _builder_version=\u00bb4.21.2&#8243; global_colors_info=\u00bb{}\u00bb theme_builder_area=\u00bbpost_content\u00bb]<\/p>\n<p>Gracias a que mis padres me llevaron al Maravillas, pude hacer Teleco y un par de masters. Desde hace 25 a\u00f1os trabajo como profesional de la Seguridad, Salud y Bienestar. Profesionalmente di mis primeros pasos desarrollando hardware, fui empleado fundador de Airtel, luego estuve muchos a\u00f1os en Vodafone y desde hace 4, ejerzo como profesional independiente. Mis dos hijas son antiguas alumnas y el peque\u00f1o tambi\u00e9n lo ser\u00e1. Soy experto en bricolaje y disfruto con una huerta que tengo cerca de casa.<\/p>\n<p>[\/et_pb_accordion_item][et_pb_accordion_item title=\u00bb\u00bfQu\u00e9 debe ser la Asociaci\u00f3n?\u00bb _builder_version=\u00bb4.21.2&#8243; global_colors_info=\u00bb{}\u00bb theme_builder_area=\u00bbpost_content\u00bb open=\u00bboff\u00bb]<\/p>\n<p>Creo que deber\u00eda ser un estupendo punto de encuentro para compartir experiencias, recuerdos, recuperar contactos, \u2026 con personas que hemos tenido la fortuna de educarnos en Maravillas. Y si es posible, apoyar al colegio para que siga formando generaciones de buenos profesionales y mejores personas.<\/p>\n<p>[\/et_pb_accordion_item][\/et_pb_accordion][\/et_pb_column][\/et_pb_row][et_pb_row column_structure=\u00bb1_3,1_3,1_3&#8243; _builder_version=\u00bb4.16&#8243; module_alignment=\u00bbcenter\u00bb global_colors_info=\u00bb{}\u00bb theme_builder_area=\u00bbpost_content\u00bb][et_pb_column type=\u00bb1_3&#8243; _builder_version=\u00bb4.16&#8243; global_colors_info=\u00bb{}\u00bb theme_builder_area=\u00bbpost_content\u00bb][et_pb_team_member name=\u00bbManuel Mora\u00bb position=\u00bbPromoci\u00f3n 2005-2006&#8243; image_url=\u00bbhttps:\/\/antiguosalumnosmaravillas.com\/asociacion\/wp-content\/uploads\/2020\/12\/mora.jpg\u00bb _builder_version=\u00bb4.21.2&#8243; header_font=\u00bb||||||||\u00bb header_font_size=\u00bb16px\u00bb global_colors_info=\u00bb{}\u00bb theme_builder_area=\u00bbpost_content\u00bb]<\/p>\n<p>Tesorero<\/p>\n<p>[\/et_pb_team_member][et_pb_accordion _builder_version=\u00bb4.16&#8243; toggle_font=\u00bb||||||||\u00bb toggle_font_size=\u00bb15px\u00bb closed_toggle_font=\u00bb||||||||\u00bb global_colors_info=\u00bb{}\u00bb theme_builder_area=\u00bbpost_content\u00bb][et_pb_accordion_item title=\u00bbRese\u00f1a profesional\u00bb open=\u00bbon\u00bb _builder_version=\u00bb4.16&#8243; global_colors_info=\u00bb{}\u00bb theme_builder_area=\u00bbpost_content\u00bb]Con m\u00e1s de 10 a\u00f1os de experiencia profesional en el \u00e1mbito del marketing y la consultor\u00eda, gran parte de mi trayectoria profesional se ha centrado en el sector farmac\u00e9utico. Desde hace m\u00e1s de 8 a\u00f1os, trabajo en proyectos de consultor\u00eda y business intelligence para grandes cuentas de la industria farmac\u00e9utica. As\u00ed, adem\u00e1s de gestionar el servicio diario al cliente, participo en la actualizaci\u00f3n y elaboraci\u00f3n de estudios y an\u00e1lisis de mercado, entendiendo din\u00e1micas y tendencias, para ayudar a los clientes a la toma de decisiones estrat\u00e9gicas; en el desarrollo de nuevo negocio de mi cartera de clientes; as\u00ed como en la definici\u00f3n, creaci\u00f3n e implantaci\u00f3n de nuevas plataformas de business intelligence.\u00a0<u><\/u><br \/>\n[\/et_pb_accordion_item][et_pb_accordion_item title=\u00bb\u00bfQu\u00e9 debe ser la Asociaci\u00f3n?\u00bb _builder_version=\u00bb4.16&#8243; global_colors_info=\u00bb{}\u00bb theme_builder_area=\u00bbpost_content\u00bb open=\u00bboff\u00bb]La asociaci\u00f3n tiene que ser un instrumento de uni\u00f3n que permita a los alumnos mantener la relaci\u00f3n con el colegio, con sus compa\u00f1eros y con ex alumnos de otras promociones. Una entidad que permita a los miembros sacar un beneficio por la pertenencia a la misma, favoreciendo la comunicaci\u00f3n entre las distintas promociones, haciendo actividades que generen colaboraci\u00f3n y siendo un nexo de uni\u00f3n entre personas con intereses comunes, tanto laborales como personales.<u><\/u><br \/>\n[\/et_pb_accordion_item][\/et_pb_accordion][\/et_pb_column][et_pb_column type=\u00bb1_3&#8243; _builder_version=\u00bb4.16&#8243; global_colors_info=\u00bb{}\u00bb theme_builder_area=\u00bbpost_content\u00bb][et_pb_team_member name=\u00bbManuel Castro Aladro\u00bb position=\u00bbPromoci\u00f3n 1984-1985&#8243; image_url=\u00bbhttps:\/\/antiguosalumnosmaravillas.com\/asociacion\/wp-content\/uploads\/2020\/12\/manuel-castro.jpg\u00bb _builder_version=\u00bb4.21.2&#8243; header_font=\u00bb||||||||\u00bb header_font_size=\u00bb16px\u00bb global_colors_info=\u00bb{}\u00bb theme_builder_area=\u00bbpost_content\u00bb]<\/p>\n<p>Pastoral<\/p>\n<p>[\/et_pb_team_member][et_pb_accordion _builder_version=\u00bb4.16&#8243; toggle_font=\u00bb||||||||\u00bb toggle_font_size=\u00bb15px\u00bb closed_toggle_font=\u00bb||||||||\u00bb global_colors_info=\u00bb{}\u00bb theme_builder_area=\u00bbpost_content\u00bb][et_pb_accordion_item title=\u00bbRese\u00f1a profesional\u00bb open=\u00bbon\u00bb _builder_version=\u00bb4.16&#8243; global_colors_info=\u00bb{}\u00bb theme_builder_area=\u00bbpost_content\u00bb]Licenciado en Administraci\u00f3n de Empresas hace la pera. Profesional del mundo de los servicios financieros en el pasado y en la actualidad, empresario apasionado por combinar las finanzas y las nuevas tecnolog\u00edas de la informaci\u00f3n.<br \/>\n[\/et_pb_accordion_item][et_pb_accordion_item title=\u00bb\u00bfQu\u00e9 debe ser la Asociaci\u00f3n?\u00bb _builder_version=\u00bb4.16&#8243; global_colors_info=\u00bb{}\u00bb theme_builder_area=\u00bbpost_content\u00bb open=\u00bboff\u00bb]La AAA: un lugar donde se perpet\u00fae la educaci\u00f3n en valores que recibimos en el Colegio y trascienda en la pr\u00e1ctica en actividades que apoyen al colectivo de AA (pertenezcan a la Asociaci\u00f3n o no)<br \/>\n[\/et_pb_accordion_item][\/et_pb_accordion][\/et_pb_column][et_pb_column type=\u00bb1_3&#8243; _builder_version=\u00bb4.16&#8243; global_colors_info=\u00bb{}\u00bb theme_builder_area=\u00bbpost_content\u00bb][et_pb_team_member name=\u00bbAna Ayala\u00bb position=\u00bbPromoci\u00f3n 1980-1981&#8243; image_url=\u00bbhttps:\/\/antiguosalumnosmaravillas.com\/asociacion\/wp-content\/uploads\/2024\/03\/ana-ayala.jpg\u00bb _builder_version=\u00bb4.21.2&#8243; header_font=\u00bb||||||||\u00bb header_font_size=\u00bb16px\u00bb global_colors_info=\u00bb{}\u00bb theme_builder_area=\u00bbpost_content\u00bb]<\/p>\n<p>Relaciones con el Colegio<\/p>\n<p>[\/et_pb_team_member][et_pb_accordion _builder_version=\u00bb4.21.2&#8243; toggle_font=\u00bb||||||||\u00bb toggle_font_size=\u00bb15px\u00bb closed_toggle_font=\u00bb||||||||\u00bb global_colors_info=\u00bb{}\u00bb theme_builder_area=\u00bbpost_content\u00bb][et_pb_accordion_item title=\u00bbRese\u00f1a profesional\u00bb open=\u00bbon\u00bb _builder_version=\u00bb4.21.2&#8243; global_colors_info=\u00bb{}\u00bb theme_builder_area=\u00bbpost_content\u00bb]<\/p>\n<p>Licenciada en Geograf\u00eda e Historia.<\/p>\n<p>Maestra de Primaria<\/p>\n<p>[\/et_pb_accordion_item][et_pb_accordion_item title=\u00bb\u00bfQu\u00e9 debe ser la Asociaci\u00f3n?\u00bb _builder_version=\u00bb4.21.2&#8243; global_colors_info=\u00bb{}\u00bb theme_builder_area=\u00bbpost_content\u00bb open=\u00bboff\u00bb]<\/p>\n<p><span>La asociaci\u00f3n es la uni\u00f3n del pasado,del presente y del futuro.<\/span><\/p>\n<p>[\/et_pb_accordion_item][\/et_pb_accordion][\/et_pb_column][\/et_pb_row][et_pb_row column_structure=\u00bb1_3,1_3,1_3&#8243; _builder_version=\u00bb4.16&#8243; module_alignment=\u00bbcenter\u00bb global_colors_info=\u00bb{}\u00bb theme_builder_area=\u00bbpost_content\u00bb][et_pb_column type=\u00bb1_3&#8243; _builder_version=\u00bb4.16&#8243; global_colors_info=\u00bb{}\u00bb theme_builder_area=\u00bbpost_content\u00bb][et_pb_team_member name=\u00bbAna Forcada\u00bb position=\u00bbPromoci\u00f3n 2008-2009&#8243; image_url=\u00bbhttps:\/\/antiguosalumnosmaravillas.com\/asociacion\/wp-content\/uploads\/2024\/03\/ana-forcada.jpg\u00bb _builder_version=\u00bb4.21.2&#8243; header_font=\u00bb||||||||\u00bb header_font_size=\u00bb16px\u00bb global_colors_info=\u00bb{}\u00bb theme_builder_area=\u00bbpost_content\u00bb]<\/p>\n<p>Antiguos Alumnos<\/p>\n<p>[\/et_pb_team_member][et_pb_accordion _builder_version=\u00bb4.21.2&#8243; toggle_font=\u00bb||||||||\u00bb toggle_font_size=\u00bb15px\u00bb closed_toggle_font=\u00bb||||||||\u00bb global_colors_info=\u00bb{}\u00bb theme_builder_area=\u00bbpost_content\u00bb][et_pb_accordion_item title=\u00bbRese\u00f1a profesional\u00bb open=\u00bbon\u00bb _builder_version=\u00bb4.21.2&#8243; global_colors_info=\u00bb{}\u00bb theme_builder_area=\u00bbpost_content\u00bb]<\/p>\n<p>Graduada en Comercio con M\u00e1ster en Recursos Humanos.<\/p>\n<p>Desarrollando mis conocimientos y experiencias en distintas \u00e1reas desde hace 10 a\u00f1os.<\/p>\n<p>[\/et_pb_accordion_item][et_pb_accordion_item title=\u00bb\u00bfQu\u00e9 debe ser la Asociaci\u00f3n?\u00bb _builder_version=\u00bb4.21.2&#8243; global_colors_info=\u00bb{}\u00bb theme_builder_area=\u00bbpost_content\u00bb open=\u00bboff\u00bb]<\/p>\n<p>La Asociacion tiene que ser la continuidad de la etapa del colegio. No perder el sentimiento de pertenencia, de ser del Maravillas.<\/p>\n<p>[\/et_pb_accordion_item][\/et_pb_accordion][\/et_pb_column][et_pb_column type=\u00bb1_3&#8243; _builder_version=\u00bb4.16&#8243; global_colors_info=\u00bb{}\u00bb theme_builder_area=\u00bbpost_content\u00bb][et_pb_team_member name=\u00bbAgust\u00edn Rodr\u00edguez de Rivera Meneses\u00bb position=\u00bbPromoci\u00f3n 2004-2005&#8243; image_url=\u00bbhttps:\/\/antiguosalumnosmaravillas.com\/asociacion\/wp-content\/uploads\/2020\/12\/agustin4.jpg\u00bb _builder_version=\u00bb4.21.2&#8243; header_font=\u00bb||||||||\u00bb header_font_size=\u00bb16px\u00bb global_colors_info=\u00bb{}\u00bb theme_builder_area=\u00bbpost_content\u00bb]<\/p>\n<p>Comunicaci\u00f3n<\/p>\n<p>[\/et_pb_team_member][et_pb_accordion _builder_version=\u00bb4.16&#8243; toggle_font=\u00bb||||||||\u00bb toggle_font_size=\u00bb15px\u00bb closed_toggle_font=\u00bb||||||||\u00bb global_colors_info=\u00bb{}\u00bb theme_builder_area=\u00bbpost_content\u00bb][et_pb_accordion_item title=\u00bbRese\u00f1a profesional\u00bb open=\u00bbon\u00bb _builder_version=\u00bb4.16&#8243; global_colors_info=\u00bb{}\u00bb theme_builder_area=\u00bbpost_content\u00bb]<\/p>\n<p>Licenciado en Publicidad y Relaciones P\u00fablicas con diversos M\u00e1sters de Marketing Digital. Emprendedor y empresario. Hace 12 a\u00f1os montamos showin.<\/p>\n<p>[\/et_pb_accordion_item][et_pb_accordion_item title=\u00bb\u00bfQu\u00e9 debe ser la Asociaci\u00f3n?\u00bb _builder_version=\u00bb4.16&#8243; global_colors_info=\u00bb{}\u00bb theme_builder_area=\u00bbpost_content\u00bb open=\u00bboff\u00bb]Para m\u00ed la Asociaci\u00f3n debe ser la prolongaci\u00f3n del Colegio. Un punto de encuentro en el que todos los Antiguos Alumnos puedan sentirse c\u00f3modos y representados. Un lugar en el que te sientas como en casa y pueda servir para ayudarte.<br \/>\n[\/et_pb_accordion_item][\/et_pb_accordion][\/et_pb_column][et_pb_column type=\u00bb1_3&#8243; _builder_version=\u00bb4.16&#8243; global_colors_info=\u00bb{}\u00bb theme_builder_area=\u00bbpost_content\u00bb][et_pb_team_member name=\u00bbMiguel \u00c1ngel Mart\u00ednez Conde\u00bb position=\u00bbPromoci\u00f3n 1981-1982&#8243; image_url=\u00bbhttps:\/\/antiguosalumnosmaravillas.com\/asociacion\/wp-content\/uploads\/2024\/03\/miguel-angel-martinez-conde.jpg\u00bb _builder_version=\u00bb4.21.2&#8243; header_font=\u00bb||||||||\u00bb header_font_size=\u00bb16px\u00bb global_colors_info=\u00bb{}\u00bb theme_builder_area=\u00bbpost_content\u00bb]<\/p>\n<p>Networking<\/p>\n<p>[\/et_pb_team_member][et_pb_accordion _builder_version=\u00bb4.21.2&#8243; toggle_font=\u00bb||||||||\u00bb toggle_font_size=\u00bb15px\u00bb closed_toggle_font=\u00bb||||||||\u00bb global_colors_info=\u00bb{}\u00bb theme_builder_area=\u00bbpost_content\u00bb][et_pb_accordion_item title=\u00bbRese\u00f1a profesional\u00bb open=\u00bbon\u00bb _builder_version=\u00bb4.21.2&#8243; global_colors_info=\u00bb{}\u00bb theme_builder_area=\u00bbpost_content\u00bb]<\/p>\n<p>Soy ICADE E-3 (1982-1988), Miembro del Ilustre Colegio de Abogados de Barcelona, de la International Bar Association y del Colegio de Economistas de Catalu\u00f1a. Con treinta y cinco a\u00f1os de ejercicio profesional, fundamentalmente en el mundo de la empresa y derecho de los negocios, he trabajado en grandes despachos as\u00ed como multinacionales y ahora en un proyecto rompedor. Para m\u00e1s detalle <a href=\"https:\/\/www.linkedin.com\/in\/mamartinezconde\/\" target=\"_blank\" rel=\"noopener\">linkedin.com\/in\/mamartinezconde<\/a><\/p>\n<p>[\/et_pb_accordion_item][et_pb_accordion_item title=\u00bb\u00bfQu\u00e9 debe ser la Asociaci\u00f3n?\u00bb _builder_version=\u00bb4.21.2&#8243; global_colors_info=\u00bb{}\u00bb theme_builder_area=\u00bbpost_content\u00bb open=\u00bboff\u00bb]<\/p>\n<p>La Asociaci\u00f3n es para m\u00ed un lugar de encuentro, de compartir experiencias con compa\u00f1eros y amigos de tu quinta y de otras promociones, de intercambio de pareceres y conocimiento, enriquecimiento personal y la posibilidad de desarrollar actividades comunes y proyectos que aglutinen la ilusi\u00f3n de los asociados en beneficio de la comunidad. Adem\u00e1s, ha de ser faro de las nuevas generaciones.<\/p>\n<p>[\/et_pb_accordion_item][\/et_pb_accordion][\/et_pb_column][\/et_pb_row][\/et_pb_section]<\/p>\n","protected":false},"excerpt":{"rendered":"<p>PresidentaLicenciada en derecho, abogada de profesi\u00f3n, durante 12 a\u00f1os me he dedicado en exclusiva al sector privado. En la actualidad, movida por mi pasi\u00f3n y mi deseo de poner mi grano de arena para mejorar la sociedad, compagino el asesoramiento y defensa en el \u00e1mbito privado, con el asesoramiento y acompa\u00f1amiento en el tercer sector.Creo [&hellip;]<\/p>\n","protected":false},"author":746,"featured_media":0,"parent":0,"menu_order":0,"comment_status":"closed","ping_status":"closed","template":"","meta":{"_et_pb_use_builder":"on","_et_pb_old_content":"","_et_gb_content_width":"","footnotes":""},"class_list":["post-324","page","type-page","status-publish","hentry"],"_links":{"self":[{"href":"https:\/\/antiguosalumnosmaravillas.com\/asociacion\/wp-json\/wp\/v2\/pages\/324","targetHints":{"allow":["GET"]}}],"collection":[{"href":"https:\/\/antiguosalumnosmaravillas.com\/asociacion\/wp-json\/wp\/v2\/pages"}],"about":[{"href":"https:\/\/antiguosalumnosmaravillas.com\/asociacion\/wp-json\/wp\/v2\/types\/page"}],"author":[{"embeddable":true,"href":"https:\/\/antiguosalumnosmaravillas.com\/asociacion\/wp-json\/wp\/v2\/users\/746"}],"replies":[{"embeddable":true,"href":"https:\/\/antiguosalumnosmaravillas.com\/asociacion\/wp-json\/wp\/v2\/comments?post=324"}],"version-history":[{"count":11,"href":"https:\/\/antiguosalumnosmaravillas.com\/asociacion\/wp-json\/wp\/v2\/pages\/324\/revisions"}],"predecessor-version":[{"id":4067,"href":"https:\/\/antiguosalumnosmaravillas.com\/asociacion\/wp-json\/wp\/v2\/pages\/324\/revisions\/4067"}],"wp:attachment":[{"href":"https:\/\/antiguosalumnosmaravillas.com\/asociacion\/wp-json\/wp\/v2\/media?parent=324"}],"curies":[{"name":"wp","href":"https:\/\/api.w.org\/{rel}","templated":true}]}}