{"id":1756,"date":"2018-05-23T12:20:45","date_gmt":"2018-05-23T11:20:45","guid":{"rendered":"http:\/\/antiguosalumnosmaravillas.com\/asociacion\/?page_id=1756"},"modified":"2018-05-24T19:28:15","modified_gmt":"2018-05-24T18:28:15","slug":"politica-de-privacidad","status":"publish","type":"page","link":"https:\/\/antiguosalumnosmaravillas.com\/asociacion\/politica-de-privacidad\/","title":{"rendered":"Pol\u00edtica de Privacidad"},"content":{"rendered":"<p>[et_pb_section admin_label=\u00bbsection\u00bb][et_pb_row admin_label=\u00bbrow\u00bb][et_pb_column type=\u00bb4_4&#8243;][et_pb_text admin_label=\u00bbTexto\u00bb background_layout=\u00bblight\u00bb text_orientation=\u00bbleft\u00bb text_font_size=\u00bb14&#8243; use_border_color=\u00bboff\u00bb border_color=\u00bb#ffffff\u00bb border_style=\u00bbsolid\u00bb]<\/p>\n<ol>\n<li><strong> \u00bfPara qu\u00e9 sirve esta Pol\u00edtica?<\/strong><\/li>\n<\/ol>\n<p>Para que puedas consultar de forma r\u00e1pida y concisa c\u00f3mo utilizamos los datos personales que tenemos sobre ti. Puedes consultar informaci\u00f3n adicional sobre este y los dem\u00e1s apartados de la Pol\u00edtica m\u00e1s abajo.<\/p>\n<ol start=\"2\">\n<li><strong> \u00bfQui\u00e9nes somos?<\/strong><\/li>\n<\/ol>\n<p>ANTIGUOS ALUMNOS MARAVILLAS<\/p>\n<p>NIF: G 85558237<\/p>\n<p>C\/ Guadalquivir, 9<\/p>\n<p>28002 Madrid<\/p>\n<p>Tratamos tus datos personales como\u00a0<em>responsable del tratamiento<\/em>, es decir, nos hacemos cargo conjuntamente de c\u00f3mo utilizar y proteger tus datos personales.<\/p>\n<ol start=\"3\">\n<li><strong> \u00bfD\u00f3nde obtenemos tus Datos?<\/strong><\/li>\n<\/ol>\n<p>(i) De ti mismo, ya que nos facilitaste cierta informaci\u00f3n al asociarte; (ii) de la informaci\u00f3n que obtenemos del Colegio La Salle Maravillas y (iii) de redes sociales.<\/p>\n<ol start=\"4\">\n<li><strong> \u00bfPara qu\u00e9 utilizamos tus Datos?<\/strong><\/li>\n<\/ol>\n<p>Para (i) prestarte nuestro servicio como Asociaci\u00f3n (ii) s\u00f3lo si lo deseas, para enviarte noticias y promociones sobre todos los eventos y actos que se realizan desde la Asociaci\u00f3n.<\/p>\n<ol start=\"5\">\n<li><strong> \u00bfDurante cu\u00e1nto tiempo?<\/strong><\/li>\n<\/ol>\n<p>Hasta que solicites la cancelaci\u00f3n de tus datos personales.<\/p>\n<ol start=\"6\">\n<li><strong> \u00bfPor qu\u00e9 es l\u00edcito que los utilicemos?<\/strong><\/li>\n<\/ol>\n<p>Por varios motivos. En primer lugar, porque para los Asociados necesitamos utilizarlos para ejecutar los T\u00e9rminos y Condiciones que aceptaste con nosotros al Asociarte; de lo contrario, no podr\u00edamos prestarte el Servicio.<\/p>\n<p>En segundo lugar, te enviamos noticias y promociones sobre la Asociaci\u00f3n de Antiguos Alumnos s\u00f3lo cuando nos lo autorices.<\/p>\n<ol start=\"7\">\n<li><strong> \u00bfCompartimos tus Datos con terceros?<\/strong><\/li>\n<\/ol>\n<p>S\u00ed, pero s\u00f3lo compartimos tus datos personales con proveedores externos que nos ayudan con la gesti\u00f3n del marketing y del env\u00edo de los emails bajo un contrato de confidencialidad y sin derecho de uso para otro fin. Las transferencias de tus Datos Personales se realizan con garant\u00edas adecuadas. Estos proveedores han firmado con la Asociaci\u00f3n un acuerdo de confidencialidad para que NUNCA puedan transmitir tus datos a otros agentes ajenos a la Asociaci\u00f3n ni para que puedan utilizarlos con otros fines de los aqu\u00ed recogidos.<\/p>\n<ol start=\"8\">\n<li><strong> \u00bfCu\u00e1les son tus derechos?<\/strong><\/li>\n<\/ol>\n<p>Puedes solicitarnos el acceso, la rectificaci\u00f3n, la supresi\u00f3n o la portabilidad de tus datos personales. Tambi\u00e9n puedes presentar una reclamaci\u00f3n ante las autoridades de protecci\u00f3n de datos competentes. Tambi\u00e9n puedes a oponerte a que utilicemos tus datos o pedirnos que limites su uso.<\/p>\n<ol start=\"9\">\n<li><strong> \u00bfModificaremos esta Pol\u00edtica?<\/strong><\/li>\n<\/ol>\n<p>Posiblemente lo hagamos en el futuro, pero te informaremos antes de que te afecte.<\/p>\n<p>[\/et_pb_text][\/et_pb_column][\/et_pb_row][et_pb_row admin_label=\u00bbrow\u00bb][et_pb_column type=\u00bb4_4&#8243;][et_pb_text admin_label=\u00bbTexto\u00bb background_layout=\u00bblight\u00bb text_orientation=\u00bbleft\u00bb text_font_size=\u00bb14&#8243; use_border_color=\u00bboff\u00bb border_color=\u00bb#ffffff\u00bb border_style=\u00bbsolid\u00bb]<\/p>\n<h4 style=\"text-align: center;\"><strong>INFORMACI\u00d3N AMPLIADA<\/strong><\/h4>\n<ol>\n<li><strong>\u00bfPara qu\u00e9 sirve esta Pol\u00edtica de Privacidad?<\/strong><\/li>\n<\/ol>\n<p>&nbsp;<\/p>\n<p>La Asociaci\u00f3n de Antiguos Alumnos Maravillas estamos comprometidos con prestarte un servicio \u00f3ptimo.Nos preocupa la privacidad de tu informaci\u00f3n personal. Queremos que conozcas y tengas siempre el control sobre tus datos personales. Para ello, ponemos a tu disposici\u00f3n esta Pol\u00edtica de Privacidad (la\u00a0<strong>\u00abPol\u00edtica de Privacidad\u00bb<\/strong>), en la que puedes consultar en detalle, pero de forma f\u00e1cil y transparente, las caracter\u00edsticas del uso que realizamos sobre tus datos personales para poder prestarte nuestro Servicio y para otros fines.Puedes acceder a esta Pol\u00edtica de Privacidad en cualquier momento, ya que se encuentra a tu disposici\u00f3n en el apartado \u00abPrivacidad\u00bb de nuestra web. El apartado \u00abPrivacidad\u00bb se encuentra en la parte inferior.<\/p>\n<ol start=\"2\">\n<li><strong> \u00bfQui\u00e9n es el Responsable del tratamiento de tus Datos Personales?<\/strong><\/li>\n<\/ol>\n<p>El Responsables del Tratamiento de tus Datos Personales es Asociaci\u00f3n de Antiguos Alumnos Maravillas, a continuaci\u00f3n puedes encontrar m\u00e1s informaci\u00f3n sobre nosotros:<\/p>\n<ol>\n<li>ANTIGUOS ALUMNOS MARAVILLAS NIF: G 85558237<\/li>\n<li>Direcci\u00f3n postal: C\/ Guadalquivir, 9. 28002 Madrid<\/li>\n<\/ol>\n<p>Es decir, Asociaci\u00f3n de Antiguos Alumnos Maravilla es responsables de tus Datos Personales. Esto se debe a que decidimos c\u00f3mo utilizamos y protegemos tus Datos Personales. Las funciones y las responsabilidades de Asociaci\u00f3n de Antiguos Alumnos Maravilla a la hora de usar y proteger tus Datos Personales est\u00e1n perfectamente definidas. Si quieres, puedes solicitarnos que te facilitemos los aspectos esenciales del mismo a trav\u00e9s del email antiguosalumnos@lasallemaravillas.com<\/p>\n<p><strong>\u00a0<\/strong><\/p>\n<ol start=\"3\">\n<li><strong> \u00bfD\u00f3nde obtenemos tus Datos Personales?\u00bfQu\u00e9 Datos vamos a utilizar exactamente?<\/strong><\/li>\n<\/ol>\n<p>Ten en cuenta que, para todos los Asociados y los Antiguos Alumnos de La Salle Maravillas, utilizaremos algunos datos sobre ti que obtenidos a trav\u00e9s de diferentes formas y en diferentes momentos. A continuaci\u00f3n, puedes verlo en detalle:<\/p>\n<ol>\n<li>Utilizaremos los datos personales que t\u00fa mismo nos entregas al Asociarte: nombre y apellidos, direcci\u00f3n de correo electr\u00f3nico, n\u00famero de tel\u00e9fono, direcci\u00f3n postal, pa\u00eds, informaci\u00f3n bancaria, fecha de promoci\u00f3n, profesi\u00f3n y fecha de nacimiento.<\/li>\n<li>De los Antiguos Alumnos no Asociados utilizaremos los datos de nombre y apellidos, promoci\u00f3n y direcci\u00f3n de correo electr\u00f3nico-<\/li>\n<\/ol>\n<p>&nbsp;<\/p>\n<p>Para referirnos a toda la informaci\u00f3n anterior y a cualquier otra que tengamos sobre ti utilizamos el t\u00e9rmino\u00a0<strong>\u00abDatos Personales\u00bb<\/strong>.<\/p>\n<ol start=\"4\">\n<li><strong> \u00bfPara qu\u00e9 vamos a utilizar tus Datos Personales?<\/strong><\/li>\n<\/ol>\n<p>Utilizaremos tus Datos Personales para las siguientes finalidades:<\/p>\n<ol>\n<li><strong> Pago de cuotas<\/strong><\/li>\n<\/ol>\n<p>El tratamiento de tus Datos Personales es necesario para que podamos pasarte el cobro de las cuotas marcadas en nuestros estatutos para estar Asociado. De lo contrario, no podr\u00e1s disfrutar de las ventajas de estar Asociado. La prestaci\u00f3n del Servicio comprende las siguientes cuestiones:<\/p>\n<ol start=\"2\">\n<li><strong> Realizar acciones de marketing<\/strong><\/li>\n<\/ol>\n<p>Utilizaremos tus Datos Personales para enviarte noticias, eventos, charlas y promociones relacionados con la Asociaci\u00f3n de Antiguos Alumnos<\/p>\n<p>En cualquier caso, ten en cuenta que podr\u00e1s darte de baja de dichas comunicaciones en cualquier momento. Para ello, simplemente tendr\u00e1s que hacer clic en el enlace \u201cDarte de baja\u201d contenido en cualquiera de las comunicaciones.<\/p>\n<ol start=\"5\">\n<li><strong> \u00bfDurante cu\u00e1nto tiempo conservaremos tus Datos Personales?<\/strong><\/li>\n<\/ol>\n<p>El periodo de conservaci\u00f3n de tus Datos Personales depende de cada una de las finalidades para las los utilizamos. Puedes consultarlas en detalle en el apartado 4. En el siguiente cuadro te indicamos durante cu\u00e1nto tiempo o hasta qu\u00e9 momento conservaremos tus datos en relaci\u00f3n con cada una de las finalidades:<\/p>\n<ol>\n<li><strong> Pago de cuotas<\/strong><\/li>\n<\/ol>\n<p>Utilizaremos tus Datos Personales hasta que decidas dejar de estar Asociado. Mientras no te des de baja, continuaremos tratando tus Datos Personales para este fin. Ten en cuenta que, si existe alg\u00fan asunto pendiente de resolver relacionado con el Servicio, trataremos de solucionarlo antes de que puedas darte de baja.<\/p>\n<ol start=\"2\">\n<li><strong> Realizar acciones de marketing<\/strong><\/li>\n<\/ol>\n<p>Utilizaremos tus Datos Personales hasta que nos solicites que dejemos de hacerlo, independientemente de que contin\u00faes asistiendo a nuestros actos. Ten en cuenta que puedes pedirnos que dejemos de enviarte noticias, ofertas y promociones personalizadas en cualquier momento; simplemente deber\u00e1s hacer clic en el enlace \u201cDarte de baja\u201d contenido en cualquiera de nuestras comunicaciones.<\/p>\n<ol start=\"6\">\n<li><strong> \u00bfPor qu\u00e9 es l\u00edcito que utilicemos tus Datos Personales?<\/strong><\/li>\n<\/ol>\n<p>En la Asociaci\u00f3n de Antiguos Alumnos solamente utilizamos tus Datos Personales de forma l\u00edcita, tal como nos exige la normativa aplicable en la materia. Para ello, necesitamos contar con una base jur\u00eddica suficiente. A continuaci\u00f3n te indicamos cu\u00e1l es la base jur\u00eddica, es decir, por qu\u00e9 motivo es l\u00edcito, que utilicemos tus Datos Personales para cada una de las finalidades descritas en el apartado anterior.<\/p>\n<ol>\n<li><strong> Prestarte el Servicio<\/strong><\/li>\n<\/ol>\n<p>Utilizar tus Datos Personales\u00a0<strong>es necesario para poder ejecutar el contrato que nos une contigo<\/strong>\u00a0desde el momento en que aceptas nuestros T\u00e9rminos y Condiciones. De lo contrario, no podr\u00e1s estar Asociado.<\/p>\n<ol start=\"2\">\n<li><strong> Realizar acciones de marketing<\/strong><\/li>\n<\/ol>\n<p>Utilizaremos tus Datos Personales para enviarte noticias, ofertas y promociones basadas en tu perfil \u00fanicamente si nos has dado tu\u00a0<strong>consentimiento<\/strong>\u00a0para ello. Las comunicaciones que te enviemos podr\u00e1n realizarse a trav\u00e9s de correo electr\u00f3nico. Recuerda que puedes pedirnos en cualquier momento que dejemos de enviarte estas comunicaciones personalizadas.<\/p>\n<p><strong>\u00a0\u00a0\u00a0\u00a0\u00a0\u00a0\u00a0\u00a0\u00a0\u00a0\u00a0 <\/strong><\/p>\n<ol start=\"7\">\n<li><strong> \u00bfCompartiremos tus Datos Personales con terceros?<\/strong><\/li>\n<\/ol>\n<p>S\u00ed. Para poder prestarte el Servicio con la m\u00e1xima calidad necesitamos compartir tus Datos Personales con proveedores externos que nos ayudan con diferentes cuestiones relacionadas con\u00a0la Asociaci\u00f3n de Antiguos Alumnos y con terceras partes. A continuaci\u00f3n te indicamos qui\u00e9nes son estas entidades:<\/p>\n<ol>\n<li>Entidades que nos ayudan con diferentes cuestiones relacionadas con la comunicaci\u00f3n y las tecnolog\u00edas de la Asociaci\u00f3n. Nos aseguramos de que todos nuestros proveedores que pueden tener acceso a tus Datos Personales act\u00faen de manera confidencial, leal y cumpliendo escrupulosamente la normativa aplicable sobre protecci\u00f3n de datos. A tal fin, les exigimos que formalicen con nosotros acuerdos espec\u00edficos que regulan la utilizaci\u00f3n por su parte de tus Datos Personales. Algunos de nuestros principales proveedores son los siguientes:\n<ul>\n<li>Entidad prestadora de servicio de almacenamiento. Esta entidad nos ayuda a almacenar tus Datos Personales y toda la informaci\u00f3n relacionada con la Asociaci\u00f3n de forma segura.<\/li>\n<li>Entidad prestadora de servicio de hosting. Nos apoyamos en esta entidad para almacenar los datos derivado de nuestra web y de nuestros emails.<\/li>\n<li>Entidad prestadora de servicios e comunicaci\u00f3n y marketing. Nos apoyamos en esta entidad para realizar el env\u00edo de newsletters y la gesti\u00f3n de datos en nuestra Base de Datos.<\/li>\n<\/ul>\n<\/li>\n<\/ol>\n<p>&nbsp;<\/p>\n<ol start=\"8\">\n<li><strong> \u00bfCu\u00e1les son tus derechos en cuestiones de Protecci\u00f3n de datos?<\/strong><\/li>\n<\/ol>\n<p>Como miembro de la Asociaci\u00f3n de Antiguos Alumnos (Asociados o no), dispones de una serie de derechos para que puedas decidir y controlar en todo momento c\u00f3mo utilizamos tus Datos Personales. Puedes ejercitar estos derechos en cualquier momento y de forma gratuita. Para ejercitar uno de tus derechos, simplemente debes hacerlo a trav\u00e9s del email antiguosalumos@lasallemaravillas.com<\/p>\n<p>En particular, dispones de los siguientes derechos:<\/p>\n<ol>\n<li><strong>Acceso<\/strong>. Puedes solicitarnos que te indiquemos si estamos utilizando o no tus Datos Personales; en caso de que s\u00ed los estemos utilizando, tambi\u00e9n te trasladaremos informaci\u00f3n adicional como qu\u00e9 datos personales tenemos sobre ti, para qu\u00e9 los estamos utilizando, las entidades con las que los compartimos, el periodo durante el que vamos a conservar tus datos o si estamos realizando perfiles, entre otras cuestiones.<\/li>\n<li><strong>Rectificaci\u00f3n<\/strong>. Puedes pedirnos que modifiquemos alguno de los Datos Personales que tenemos sobre ti para que sean exactos y est\u00e9n actualizados.<\/li>\n<li><strong>Supresi\u00f3n<\/strong>. Puedes solicitarnos que eliminemos los Datos Personales que tenemos sobre ti (i) cuando ya no sean necesarios para la finalidad para la que los utilizamos, (ii) cuando nos retires tu consentimiento, en el caso de que s\u00f3lo los tratemos para desarrollar finalidades basadas en el mismo.<\/li>\n<li><strong>Limitaci\u00f3n<\/strong>. Puedes pedirnos que restrinjamos temporalmente la utilizaci\u00f3n de tus Datos Personales (i) cuando consideres que tus datos son inexactos, hasta que los verifiquemos o actualicemos (ii) cuando ya no los necesitemos para llevar a cabo las finalidades indicadas en el apartado 4 anterior pero t\u00fa prefieras que los conservemos para que puedas ejercitar o defenderte ante reclamaciones y (iii) cuando te opongas a que utilicemos tus datos para alguna de las finalidades recogidas en el n\u00famero 2 del apartado 4 de esta Pol\u00edtica de Privacidad.<\/li>\n<li><strong>Portabilidad<\/strong>. Puedes solicitarnos que te entreguemos directamente o que entreguemos a otra entidad, siempre que sea posible t\u00e9cnicamente, un archivo estructurado, de uso com\u00fan y legible por un sistema inform\u00e1tico, que contenga los Datos Personales relativos a la Asociaci\u00f3n.<\/li>\n<li><strong>Reclamaci\u00f3n<\/strong>. Puedes presentar una reclamaci\u00f3n ante la autoridad de control competente en materia de protecci\u00f3n de datos. En tu caso, las autoridades competentes son las siguientes:\n<ul>\n<li>Agencia Espa\u00f1ola de Protecci\u00f3n de Datos:<\/li>\n<\/ul>\n<\/li>\n<li><strong>Oposici\u00f3n<\/strong>. Puedes oponerte a que utilicemos tus datos para alguna de las finalidades recogidas en el n\u00famero 2 del apartado 4 de esta Pol\u00edtica de Privacidad. Queremos recordarte especialmente que puedes pedirnos que dejemos de enviarte comunicaciones promocionales.<\/li>\n<\/ol>\n<p>&nbsp;<\/p>\n<ol start=\"9\">\n<li><strong> \u00bfActualizaremos esta Pol\u00edtica de Privacidad?<\/strong><\/li>\n<\/ol>\n<p>Es posible. Ten en cuenta que, si por cualquier motivo decidimos realizar alg\u00fan cambio en nuestra Pol\u00edtica de Privacidad, te informaremos puntualmente antes de que los cambios comiencen a ser aplicables. De esta manera podr\u00e1s conocer c\u00f3mo pretendemos utilizar tus Datos Personales antes de que comencemos a hacerlo.<\/p>\n<p>[\/et_pb_text][\/et_pb_column][\/et_pb_row][\/et_pb_section]<\/p>\n","protected":false},"excerpt":{"rendered":"<p>\u00bfPara qu\u00e9 sirve esta Pol\u00edtica? Para que puedas consultar de forma r\u00e1pida y concisa c\u00f3mo utilizamos los datos personales que tenemos sobre ti. Puedes consultar informaci\u00f3n adicional sobre este y los dem\u00e1s apartados de la Pol\u00edtica m\u00e1s abajo. \u00bfQui\u00e9nes somos? ANTIGUOS ALUMNOS MARAVILLAS NIF: G 85558237 C\/ Guadalquivir, 9 28002 Madrid Tratamos tus datos personales [&hellip;]<\/p>\n","protected":false},"author":2,"featured_media":0,"parent":0,"menu_order":0,"comment_status":"closed","ping_status":"closed","template":"","meta":{"_et_pb_use_builder":"on","_et_pb_old_content":"","_et_gb_content_width":"","footnotes":""},"class_list":["post-1756","page","type-page","status-publish","hentry"],"_links":{"self":[{"href":"https:\/\/antiguosalumnosmaravillas.com\/asociacion\/wp-json\/wp\/v2\/pages\/1756","targetHints":{"allow":["GET"]}}],"collection":[{"href":"https:\/\/antiguosalumnosmaravillas.com\/asociacion\/wp-json\/wp\/v2\/pages"}],"about":[{"href":"https:\/\/antiguosalumnosmaravillas.com\/asociacion\/wp-json\/wp\/v2\/types\/page"}],"author":[{"embeddable":true,"href":"https:\/\/antiguosalumnosmaravillas.com\/asociacion\/wp-json\/wp\/v2\/users\/2"}],"replies":[{"embeddable":true,"href":"https:\/\/antiguosalumnosmaravillas.com\/asociacion\/wp-json\/wp\/v2\/comments?post=1756"}],"version-history":[{"count":5,"href":"https:\/\/antiguosalumnosmaravillas.com\/asociacion\/wp-json\/wp\/v2\/pages\/1756\/revisions"}],"predecessor-version":[{"id":1762,"href":"https:\/\/antiguosalumnosmaravillas.com\/asociacion\/wp-json\/wp\/v2\/pages\/1756\/revisions\/1762"}],"wp:attachment":[{"href":"https:\/\/antiguosalumnosmaravillas.com\/asociacion\/wp-json\/wp\/v2\/media?parent=1756"}],"curies":[{"name":"wp","href":"https:\/\/api.w.org\/{rel}","templated":true}]}}